{"id":118,"date":"2015-08-19T15:08:04","date_gmt":"2015-08-19T13:08:04","guid":{"rendered":"https:\/\/www.naturkultur.no\/de\/bestilling-privatkunde\/"},"modified":"2015-12-30T09:47:58","modified_gmt":"2015-12-30T08:47:58","slug":"bestilling-privatkunde","status":"publish","type":"page","link":"https:\/\/www.naturkultur.no\/de\/bestilling-privatkunde\/","title":{"rendered":"Buchung Privatkunden"},"content":{"rendered":"<p>In unserem Webshop k\u00f6nnen Privatpersonen, Firmenkunden und<br \/>\nH\u00e4ndler\/Verkaufsstellen Waren bestellen.<br \/>\nPrivatpersonen erhalten unsere Waren auch bei unseren Verkaufsstellen.<\/p>\n<p>Unsere Verkaufsstellen gibt es \u00fcberall in Norwegen.<\/p>\n<p>Unsere Verkaufsstellen sind:<br \/>\nBuchhandel<br \/>\nSouvenirgesch\u00e4fte<br \/>\nTouristinformationen<br \/>\nHotels und andere \u00dcbernachtungsbetriebe, Museen usw.<\/p>\n<p>Unsere Produkte finden Sie auch bei den gro\u00dfen Buchh\u00e4ndlerketten:<br \/>\nNordli, Ark, Notabene, Tanum und Libris.<\/p>\n<p>Unser H\u00e4ndler f\u00fcr Privatkunden in Deutschland, \u00d6sterreich, Schweiz, \u00a0D\u00e4nemark, Frankreich, Benelux, Italien:<\/p>\n<p>Forker Verlag\/Importbuchhandlung<br \/>\nLangenbrucker Weg 8<br \/>\nD &#8211; 91077 Neunkirchen<br \/>\nTax: ++49 (0)9134 997609<br \/>\nemail: buecher@forkerverlag.de<br \/>\n<a class=\"\" href=\"http:\/\/www.forkerverlag.de\/\" target=\"_blank\">http:\/\/www.forkerverlag.de\/<\/a><\/p>\n","protected":false},"excerpt":{"rendered":"<p>In unserem Webshop k\u00f6nnen Privatpersonen, Firmenkunden und H\u00e4ndler\/Verkaufsstellen Waren bestellen. Privatpersonen erhalten unsere Waren auch bei unseren Verkaufsstellen. Unsere Verkaufsstellen gibt es \u00fcberall in Norwegen. Unsere Verkaufsstellen sind: Buchhandel Souvenirgesch\u00e4fte Touristinformationen Hotels und andere \u00dcbernachtungsbetriebe, Museen usw. Unsere Produkte finden Sie auch bei den gro\u00dfen Buchh\u00e4ndlerketten: Nordli, Ark, Notabene, Tanum und Libris. Unser H\u00e4ndler f\u00fcr [&hellip;]<\/p>\n","protected":false},"author":1,"featured_media":0,"parent":0,"menu_order":0,"comment_status":"open","ping_status":"open","template":"","meta":{"footnotes":""},"class_list":["post-118","page","type-page","status-publish","hentry"],"yoast_head":"<!-- This site is optimized with the Yoast SEO plugin v27.5 - https:\/\/yoast.com\/product\/yoast-seo-wordpress\/ -->\n<title>Buchung Privatkunden - Natur og Kulturforlaget<\/title>\n<meta name=\"robots\" content=\"index, follow, max-snippet:-1, max-image-preview:large, max-video-preview:-1\" \/>\n<link rel=\"canonical\" href=\"https:\/\/www.naturkultur.no\/de\/bestilling-privatkunde\/\" \/>\n<meta property=\"og:locale\" content=\"de_DE\" \/>\n<meta property=\"og:type\" content=\"article\" \/>\n<meta property=\"og:title\" content=\"Buchung Privatkunden - Natur og Kulturforlaget\" \/>\n<meta property=\"og:description\" content=\"In unserem Webshop k\u00f6nnen Privatpersonen, Firmenkunden und H\u00e4ndler\/Verkaufsstellen Waren bestellen. Privatpersonen erhalten unsere Waren auch bei unseren Verkaufsstellen. Unsere Verkaufsstellen gibt es \u00fcberall in Norwegen. Unsere Verkaufsstellen sind: Buchhandel Souvenirgesch\u00e4fte Touristinformationen Hotels und andere \u00dcbernachtungsbetriebe, Museen usw. Unsere Produkte finden Sie auch bei den gro\u00dfen Buchh\u00e4ndlerketten: Nordli, Ark, Notabene, Tanum und Libris. Unser H\u00e4ndler f\u00fcr [&hellip;]\" \/>\n<meta property=\"og:url\" content=\"https:\/\/www.naturkultur.no\/de\/bestilling-privatkunde\/\" \/>\n<meta property=\"og:site_name\" content=\"Natur og Kulturforlaget\" \/>\n<meta property=\"article:modified_time\" content=\"2015-12-30T08:47:58+00:00\" \/>\n<meta name=\"twitter:card\" content=\"summary_large_image\" \/>\n<script type=\"application\/ld+json\" class=\"yoast-schema-graph\">{\"@context\":\"https:\\\/\\\/schema.org\",\"@graph\":[{\"@type\":\"WebPage\",\"@id\":\"https:\\\/\\\/www.naturkultur.no\\\/de\\\/bestilling-privatkunde\\\/\",\"url\":\"https:\\\/\\\/www.naturkultur.no\\\/de\\\/bestilling-privatkunde\\\/\",\"name\":\"Buchung Privatkunden - Natur og Kulturforlaget\",\"isPartOf\":{\"@id\":\"https:\\\/\\\/www.naturkultur.no\\\/de\\\/#website\"},\"datePublished\":\"2015-08-19T13:08:04+00:00\",\"dateModified\":\"2015-12-30T08:47:58+00:00\",\"breadcrumb\":{\"@id\":\"https:\\\/\\\/www.naturkultur.no\\\/de\\\/bestilling-privatkunde\\\/#breadcrumb\"},\"inLanguage\":\"de\",\"potentialAction\":[{\"@type\":\"ReadAction\",\"target\":[\"https:\\\/\\\/www.naturkultur.no\\\/de\\\/bestilling-privatkunde\\\/\"]}]},{\"@type\":\"BreadcrumbList\",\"@id\":\"https:\\\/\\\/www.naturkultur.no\\\/de\\\/bestilling-privatkunde\\\/#breadcrumb\",\"itemListElement\":[{\"@type\":\"ListItem\",\"position\":1,\"name\":\"Hjem\",\"item\":\"https:\\\/\\\/www.naturkultur.no\\\/de\\\/\"},{\"@type\":\"ListItem\",\"position\":2,\"name\":\"Buchung Privatkunden\"}]},{\"@type\":\"WebSite\",\"@id\":\"https:\\\/\\\/www.naturkultur.no\\\/de\\\/#website\",\"url\":\"https:\\\/\\\/www.naturkultur.no\\\/de\\\/\",\"name\":\"Natur og Kulturforlaget\",\"description\":\"B\u00f8ker, plakater og postkort av vakre Norge\",\"publisher\":{\"@id\":\"https:\\\/\\\/www.naturkultur.no\\\/de\\\/#organization\"},\"potentialAction\":[{\"@type\":\"SearchAction\",\"target\":{\"@type\":\"EntryPoint\",\"urlTemplate\":\"https:\\\/\\\/www.naturkultur.no\\\/de\\\/?s={search_term_string}\"},\"query-input\":{\"@type\":\"PropertyValueSpecification\",\"valueRequired\":true,\"valueName\":\"search_term_string\"}}],\"inLanguage\":\"de\"},{\"@type\":\"Organization\",\"@id\":\"https:\\\/\\\/www.naturkultur.no\\\/de\\\/#organization\",\"name\":\"Natur og Kulturforlaget AS\",\"url\":\"https:\\\/\\\/www.naturkultur.no\\\/de\\\/\",\"logo\":{\"@type\":\"ImageObject\",\"inLanguage\":\"de\",\"@id\":\"https:\\\/\\\/www.naturkultur.no\\\/de\\\/#\\\/schema\\\/logo\\\/image\\\/\",\"url\":\"https:\\\/\\\/www.naturkultur.no\\\/wp-content\\\/uploads\\\/2015\\\/12\\\/2015_Nylogo_web.png\",\"contentUrl\":\"https:\\\/\\\/www.naturkultur.no\\\/wp-content\\\/uploads\\\/2015\\\/12\\\/2015_Nylogo_web.png\",\"width\":350,\"height\":58,\"caption\":\"Natur og Kulturforlaget AS\"},\"image\":{\"@id\":\"https:\\\/\\\/www.naturkultur.no\\\/de\\\/#\\\/schema\\\/logo\\\/image\\\/\"}}]}<\/script>\n<!-- \/ Yoast SEO plugin. -->","yoast_head_json":{"title":"Buchung Privatkunden - Natur og Kulturforlaget","robots":{"index":"index","follow":"follow","max-snippet":"max-snippet:-1","max-image-preview":"max-image-preview:large","max-video-preview":"max-video-preview:-1"},"canonical":"https:\/\/www.naturkultur.no\/de\/bestilling-privatkunde\/","og_locale":"de_DE","og_type":"article","og_title":"Buchung Privatkunden - Natur og Kulturforlaget","og_description":"In unserem Webshop k\u00f6nnen Privatpersonen, Firmenkunden und H\u00e4ndler\/Verkaufsstellen Waren bestellen. Privatpersonen erhalten unsere Waren auch bei unseren Verkaufsstellen. Unsere Verkaufsstellen gibt es \u00fcberall in Norwegen. Unsere Verkaufsstellen sind: Buchhandel Souvenirgesch\u00e4fte Touristinformationen Hotels und andere \u00dcbernachtungsbetriebe, Museen usw. Unsere Produkte finden Sie auch bei den gro\u00dfen Buchh\u00e4ndlerketten: Nordli, Ark, Notabene, Tanum und Libris. Unser H\u00e4ndler f\u00fcr [&hellip;]","og_url":"https:\/\/www.naturkultur.no\/de\/bestilling-privatkunde\/","og_site_name":"Natur og Kulturforlaget","article_modified_time":"2015-12-30T08:47:58+00:00","twitter_card":"summary_large_image","schema":{"@context":"https:\/\/schema.org","@graph":[{"@type":"WebPage","@id":"https:\/\/www.naturkultur.no\/de\/bestilling-privatkunde\/","url":"https:\/\/www.naturkultur.no\/de\/bestilling-privatkunde\/","name":"Buchung Privatkunden - Natur og Kulturforlaget","isPartOf":{"@id":"https:\/\/www.naturkultur.no\/de\/#website"},"datePublished":"2015-08-19T13:08:04+00:00","dateModified":"2015-12-30T08:47:58+00:00","breadcrumb":{"@id":"https:\/\/www.naturkultur.no\/de\/bestilling-privatkunde\/#breadcrumb"},"inLanguage":"de","potentialAction":[{"@type":"ReadAction","target":["https:\/\/www.naturkultur.no\/de\/bestilling-privatkunde\/"]}]},{"@type":"BreadcrumbList","@id":"https:\/\/www.naturkultur.no\/de\/bestilling-privatkunde\/#breadcrumb","itemListElement":[{"@type":"ListItem","position":1,"name":"Hjem","item":"https:\/\/www.naturkultur.no\/de\/"},{"@type":"ListItem","position":2,"name":"Buchung Privatkunden"}]},{"@type":"WebSite","@id":"https:\/\/www.naturkultur.no\/de\/#website","url":"https:\/\/www.naturkultur.no\/de\/","name":"Natur og Kulturforlaget","description":"B\u00f8ker, plakater og postkort av vakre Norge","publisher":{"@id":"https:\/\/www.naturkultur.no\/de\/#organization"},"potentialAction":[{"@type":"SearchAction","target":{"@type":"EntryPoint","urlTemplate":"https:\/\/www.naturkultur.no\/de\/?s={search_term_string}"},"query-input":{"@type":"PropertyValueSpecification","valueRequired":true,"valueName":"search_term_string"}}],"inLanguage":"de"},{"@type":"Organization","@id":"https:\/\/www.naturkultur.no\/de\/#organization","name":"Natur og Kulturforlaget AS","url":"https:\/\/www.naturkultur.no\/de\/","logo":{"@type":"ImageObject","inLanguage":"de","@id":"https:\/\/www.naturkultur.no\/de\/#\/schema\/logo\/image\/","url":"https:\/\/www.naturkultur.no\/wp-content\/uploads\/2015\/12\/2015_Nylogo_web.png","contentUrl":"https:\/\/www.naturkultur.no\/wp-content\/uploads\/2015\/12\/2015_Nylogo_web.png","width":350,"height":58,"caption":"Natur og Kulturforlaget AS"},"image":{"@id":"https:\/\/www.naturkultur.no\/de\/#\/schema\/logo\/image\/"}}]}},"_links":{"self":[{"href":"https:\/\/www.naturkultur.no\/de\/wp-json\/wp\/v2\/pages\/118","targetHints":{"allow":["GET"]}}],"collection":[{"href":"https:\/\/www.naturkultur.no\/de\/wp-json\/wp\/v2\/pages"}],"about":[{"href":"https:\/\/www.naturkultur.no\/de\/wp-json\/wp\/v2\/types\/page"}],"author":[{"embeddable":true,"href":"https:\/\/www.naturkultur.no\/de\/wp-json\/wp\/v2\/users\/1"}],"replies":[{"embeddable":true,"href":"https:\/\/www.naturkultur.no\/de\/wp-json\/wp\/v2\/comments?post=118"}],"version-history":[{"count":2,"href":"https:\/\/www.naturkultur.no\/de\/wp-json\/wp\/v2\/pages\/118\/revisions"}],"predecessor-version":[{"id":3920,"href":"https:\/\/www.naturkultur.no\/de\/wp-json\/wp\/v2\/pages\/118\/revisions\/3920"}],"wp:attachment":[{"href":"https:\/\/www.naturkultur.no\/de\/wp-json\/wp\/v2\/media?parent=118"}],"curies":[{"name":"wp","href":"https:\/\/api.w.org\/{rel}","templated":true}]}}