{"id":3817,"date":"2015-08-19T11:46:06","date_gmt":"2015-08-19T09:46:06","guid":{"rendered":"https:\/\/www.naturkultur.no\/de\/salgsbetingelser\/"},"modified":"2016-01-08T10:59:31","modified_gmt":"2016-01-08T09:59:31","slug":"salgsbetingelser","status":"publish","type":"page","link":"https:\/\/www.naturkultur.no\/de\/salgsbetingelser\/","title":{"rendered":"Verkaufsbedingungen"},"content":{"rendered":"<p>In unserem Webshop k\u00f6nnen Privatpersonen, Firmenkunden und<br \/>\nH\u00e4ndler\/Verkaufsstellen Waren bestellen.<\/p>\n<p>Bitte w\u00e4hlen Sie den Kundentyp.<\/p>\n<p><strong>Bitte w\u00e4hlen Sie Customer an der Kasse.<\/strong><\/p>\n<hr noshade=\"noshade\" size=\"1\" width=\"100%\" \/>\n<p>Bestellungen von Privatpersonen werden erst nach Zahlung mit Kreditkarte<br \/>\n\u00fcber Internet behandelt.<br \/>\nBestellungen von Verkaufsstellen und Firmenkunden werden nach einer kurzen<br \/>\nKontrolle in unserem Kundenarchiv bearbeitet. Hier erfolgt die Bezahlung<br \/>\nnach Zusendung der Rechnung.<\/p>\n<p>Zuz\u00fcglich der Kaufsumme, die am Ende der Bestellung erscheint, kommen Porto<br \/>\nund Bearbeitungsgeb\u00fchr. F\u00fcr Privatkunden in Norwegen fallen keine Frachtkosten an. Das Porto f\u00fcr Sendungen in andere L\u00e4nder ist am Ende der Bestellung angegeben. Erst dann erfolgt die Best\u00e4tigung der Bezahlung mit\u00a0Kreditkarte.<\/p>\n<p>Die Waren m\u00fcssen \u00fcber unser Kreditkartensystem im Voraus bezahlt werden. Auftr\u00e4ge werden versendet Schlitten in Norwegen gezahlt. F\u00fcr den Versand au\u00dferhalb von Norwegen, kommen Porto- und Verpackungskosten zus\u00e4tzlich zum Kaufpreis. &#8220;PayEx&#8221; &#8211; nicht &#8220;Natur og Kultur Forlaget&#8221; &#8211; wird auf dem Kunden Kontoauszug angezeigt.<\/p>\n<p>Die angegebenen Preise gelten f\u00fcr den Webshop. Abweichungen von den Preisen<br \/>\nin unseren Verkaufsstellen sind m\u00f6glich.<\/p>\n<p>Privatpersonen erhalten unsere Waren auch bei unseren <a href=\"https:\/\/www.naturkultur.no\/bestilling-privatkunde\/\">Verkaufsstellen<\/a>.<br \/>\n(Postkarten werden ausschlie\u00dflich \u00fcber unsere Verkausstellen vertrieben.)<\/p>\n<hr noshade=\"noshade\" size=\"1\" width=\"100%\" \/>\n<p>Unser H\u00e4ndler f\u00fcr Kunden in Deutschland, \u00d6sterreich, Schweiz, D\u00e4nemark, Frankreich, Benelux, Italien:<br \/>\nTravel Media GmbH<br \/>\nLangenbrucker Weg 8<br \/>\nD &#8211; 91077 Neunkirchen<br \/>\nTax: ++49 (0)9134 997609<br \/>\nemail: order@nordlys.de<br \/>\n<a href=\"http:\/\/www.forkerverlag.de\/\" target=\"_blank\">http:\/\/www.travelmedia.de\/<\/a><\/p>\n","protected":false},"excerpt":{"rendered":"<p>In unserem Webshop k\u00f6nnen Privatpersonen, Firmenkunden und H\u00e4ndler\/Verkaufsstellen Waren bestellen. Bitte w\u00e4hlen Sie den Kundentyp. Bitte w\u00e4hlen Sie Customer an der Kasse. Bestellungen von Privatpersonen werden erst nach Zahlung mit Kreditkarte \u00fcber Internet behandelt. Bestellungen von Verkaufsstellen und Firmenkunden werden nach einer kurzen Kontrolle in unserem Kundenarchiv bearbeitet. Hier erfolgt die Bezahlung nach Zusendung der [&hellip;]<\/p>\n","protected":false},"author":1,"featured_media":0,"parent":0,"menu_order":0,"comment_status":"open","ping_status":"open","template":"","meta":{"footnotes":""},"class_list":["post-3817","page","type-page","status-publish","hentry"],"yoast_head":"<!-- This site is optimized with the Yoast SEO plugin v27.5 - https:\/\/yoast.com\/product\/yoast-seo-wordpress\/ -->\n<title>Verkaufsbedingungen - Natur og Kulturforlaget<\/title>\n<meta name=\"robots\" content=\"index, follow, max-snippet:-1, max-image-preview:large, max-video-preview:-1\" \/>\n<link rel=\"canonical\" href=\"https:\/\/www.naturkultur.no\/de\/salgsbetingelser\/\" \/>\n<meta property=\"og:locale\" content=\"de_DE\" \/>\n<meta property=\"og:type\" content=\"article\" \/>\n<meta property=\"og:title\" content=\"Verkaufsbedingungen - Natur og Kulturforlaget\" \/>\n<meta property=\"og:description\" content=\"In unserem Webshop k\u00f6nnen Privatpersonen, Firmenkunden und H\u00e4ndler\/Verkaufsstellen Waren bestellen. Bitte w\u00e4hlen Sie den Kundentyp. Bitte w\u00e4hlen Sie Customer an der Kasse. Bestellungen von Privatpersonen werden erst nach Zahlung mit Kreditkarte \u00fcber Internet behandelt. Bestellungen von Verkaufsstellen und Firmenkunden werden nach einer kurzen Kontrolle in unserem Kundenarchiv bearbeitet. Hier erfolgt die Bezahlung nach Zusendung der [&hellip;]\" \/>\n<meta property=\"og:url\" content=\"https:\/\/www.naturkultur.no\/de\/salgsbetingelser\/\" \/>\n<meta property=\"og:site_name\" content=\"Natur og Kulturforlaget\" \/>\n<meta property=\"article:modified_time\" content=\"2016-01-08T09:59:31+00:00\" \/>\n<meta name=\"twitter:card\" content=\"summary_large_image\" \/>\n<meta name=\"twitter:label1\" content=\"Gesch\u00e4tzte Lesezeit\" \/>\n\t<meta name=\"twitter:data1\" content=\"1\u00a0Minute\" \/>\n<script type=\"application\/ld+json\" class=\"yoast-schema-graph\">{\"@context\":\"https:\\\/\\\/schema.org\",\"@graph\":[{\"@type\":\"WebPage\",\"@id\":\"https:\\\/\\\/www.naturkultur.no\\\/de\\\/salgsbetingelser\\\/\",\"url\":\"https:\\\/\\\/www.naturkultur.no\\\/de\\\/salgsbetingelser\\\/\",\"name\":\"Verkaufsbedingungen - Natur og Kulturforlaget\",\"isPartOf\":{\"@id\":\"https:\\\/\\\/www.naturkultur.no\\\/de\\\/#website\"},\"datePublished\":\"2015-08-19T09:46:06+00:00\",\"dateModified\":\"2016-01-08T09:59:31+00:00\",\"breadcrumb\":{\"@id\":\"https:\\\/\\\/www.naturkultur.no\\\/de\\\/salgsbetingelser\\\/#breadcrumb\"},\"inLanguage\":\"de\",\"potentialAction\":[{\"@type\":\"ReadAction\",\"target\":[\"https:\\\/\\\/www.naturkultur.no\\\/de\\\/salgsbetingelser\\\/\"]}]},{\"@type\":\"BreadcrumbList\",\"@id\":\"https:\\\/\\\/www.naturkultur.no\\\/de\\\/salgsbetingelser\\\/#breadcrumb\",\"itemListElement\":[{\"@type\":\"ListItem\",\"position\":1,\"name\":\"Hjem\",\"item\":\"https:\\\/\\\/www.naturkultur.no\\\/de\\\/\"},{\"@type\":\"ListItem\",\"position\":2,\"name\":\"Verkaufsbedingungen\"}]},{\"@type\":\"WebSite\",\"@id\":\"https:\\\/\\\/www.naturkultur.no\\\/de\\\/#website\",\"url\":\"https:\\\/\\\/www.naturkultur.no\\\/de\\\/\",\"name\":\"Natur og Kulturforlaget\",\"description\":\"B\u00f8ker, plakater og postkort av vakre Norge\",\"publisher\":{\"@id\":\"https:\\\/\\\/www.naturkultur.no\\\/de\\\/#organization\"},\"potentialAction\":[{\"@type\":\"SearchAction\",\"target\":{\"@type\":\"EntryPoint\",\"urlTemplate\":\"https:\\\/\\\/www.naturkultur.no\\\/de\\\/?s={search_term_string}\"},\"query-input\":{\"@type\":\"PropertyValueSpecification\",\"valueRequired\":true,\"valueName\":\"search_term_string\"}}],\"inLanguage\":\"de\"},{\"@type\":\"Organization\",\"@id\":\"https:\\\/\\\/www.naturkultur.no\\\/de\\\/#organization\",\"name\":\"Natur og Kulturforlaget AS\",\"url\":\"https:\\\/\\\/www.naturkultur.no\\\/de\\\/\",\"logo\":{\"@type\":\"ImageObject\",\"inLanguage\":\"de\",\"@id\":\"https:\\\/\\\/www.naturkultur.no\\\/de\\\/#\\\/schema\\\/logo\\\/image\\\/\",\"url\":\"https:\\\/\\\/www.naturkultur.no\\\/wp-content\\\/uploads\\\/2015\\\/12\\\/2015_Nylogo_web.png\",\"contentUrl\":\"https:\\\/\\\/www.naturkultur.no\\\/wp-content\\\/uploads\\\/2015\\\/12\\\/2015_Nylogo_web.png\",\"width\":350,\"height\":58,\"caption\":\"Natur og Kulturforlaget AS\"},\"image\":{\"@id\":\"https:\\\/\\\/www.naturkultur.no\\\/de\\\/#\\\/schema\\\/logo\\\/image\\\/\"}}]}<\/script>\n<!-- \/ Yoast SEO plugin. -->","yoast_head_json":{"title":"Verkaufsbedingungen - Natur og Kulturforlaget","robots":{"index":"index","follow":"follow","max-snippet":"max-snippet:-1","max-image-preview":"max-image-preview:large","max-video-preview":"max-video-preview:-1"},"canonical":"https:\/\/www.naturkultur.no\/de\/salgsbetingelser\/","og_locale":"de_DE","og_type":"article","og_title":"Verkaufsbedingungen - Natur og Kulturforlaget","og_description":"In unserem Webshop k\u00f6nnen Privatpersonen, Firmenkunden und H\u00e4ndler\/Verkaufsstellen Waren bestellen. Bitte w\u00e4hlen Sie den Kundentyp. Bitte w\u00e4hlen Sie Customer an der Kasse. Bestellungen von Privatpersonen werden erst nach Zahlung mit Kreditkarte \u00fcber Internet behandelt. Bestellungen von Verkaufsstellen und Firmenkunden werden nach einer kurzen Kontrolle in unserem Kundenarchiv bearbeitet. Hier erfolgt die Bezahlung nach Zusendung der [&hellip;]","og_url":"https:\/\/www.naturkultur.no\/de\/salgsbetingelser\/","og_site_name":"Natur og Kulturforlaget","article_modified_time":"2016-01-08T09:59:31+00:00","twitter_card":"summary_large_image","twitter_misc":{"Gesch\u00e4tzte Lesezeit":"1\u00a0Minute"},"schema":{"@context":"https:\/\/schema.org","@graph":[{"@type":"WebPage","@id":"https:\/\/www.naturkultur.no\/de\/salgsbetingelser\/","url":"https:\/\/www.naturkultur.no\/de\/salgsbetingelser\/","name":"Verkaufsbedingungen - Natur og Kulturforlaget","isPartOf":{"@id":"https:\/\/www.naturkultur.no\/de\/#website"},"datePublished":"2015-08-19T09:46:06+00:00","dateModified":"2016-01-08T09:59:31+00:00","breadcrumb":{"@id":"https:\/\/www.naturkultur.no\/de\/salgsbetingelser\/#breadcrumb"},"inLanguage":"de","potentialAction":[{"@type":"ReadAction","target":["https:\/\/www.naturkultur.no\/de\/salgsbetingelser\/"]}]},{"@type":"BreadcrumbList","@id":"https:\/\/www.naturkultur.no\/de\/salgsbetingelser\/#breadcrumb","itemListElement":[{"@type":"ListItem","position":1,"name":"Hjem","item":"https:\/\/www.naturkultur.no\/de\/"},{"@type":"ListItem","position":2,"name":"Verkaufsbedingungen"}]},{"@type":"WebSite","@id":"https:\/\/www.naturkultur.no\/de\/#website","url":"https:\/\/www.naturkultur.no\/de\/","name":"Natur og Kulturforlaget","description":"B\u00f8ker, plakater og postkort av vakre Norge","publisher":{"@id":"https:\/\/www.naturkultur.no\/de\/#organization"},"potentialAction":[{"@type":"SearchAction","target":{"@type":"EntryPoint","urlTemplate":"https:\/\/www.naturkultur.no\/de\/?s={search_term_string}"},"query-input":{"@type":"PropertyValueSpecification","valueRequired":true,"valueName":"search_term_string"}}],"inLanguage":"de"},{"@type":"Organization","@id":"https:\/\/www.naturkultur.no\/de\/#organization","name":"Natur og Kulturforlaget AS","url":"https:\/\/www.naturkultur.no\/de\/","logo":{"@type":"ImageObject","inLanguage":"de","@id":"https:\/\/www.naturkultur.no\/de\/#\/schema\/logo\/image\/","url":"https:\/\/www.naturkultur.no\/wp-content\/uploads\/2015\/12\/2015_Nylogo_web.png","contentUrl":"https:\/\/www.naturkultur.no\/wp-content\/uploads\/2015\/12\/2015_Nylogo_web.png","width":350,"height":58,"caption":"Natur og Kulturforlaget AS"},"image":{"@id":"https:\/\/www.naturkultur.no\/de\/#\/schema\/logo\/image\/"}}]}},"_links":{"self":[{"href":"https:\/\/www.naturkultur.no\/de\/wp-json\/wp\/v2\/pages\/3817","targetHints":{"allow":["GET"]}}],"collection":[{"href":"https:\/\/www.naturkultur.no\/de\/wp-json\/wp\/v2\/pages"}],"about":[{"href":"https:\/\/www.naturkultur.no\/de\/wp-json\/wp\/v2\/types\/page"}],"author":[{"embeddable":true,"href":"https:\/\/www.naturkultur.no\/de\/wp-json\/wp\/v2\/users\/1"}],"replies":[{"embeddable":true,"href":"https:\/\/www.naturkultur.no\/de\/wp-json\/wp\/v2\/comments?post=3817"}],"version-history":[{"count":11,"href":"https:\/\/www.naturkultur.no\/de\/wp-json\/wp\/v2\/pages\/3817\/revisions"}],"predecessor-version":[{"id":4004,"href":"https:\/\/www.naturkultur.no\/de\/wp-json\/wp\/v2\/pages\/3817\/revisions\/4004"}],"wp:attachment":[{"href":"https:\/\/www.naturkultur.no\/de\/wp-json\/wp\/v2\/media?parent=3817"}],"curies":[{"name":"wp","href":"https:\/\/api.w.org\/{rel}","templated":true}]}}