{"id":3832,"date":"2015-12-23T13:55:03","date_gmt":"2015-12-23T12:55:03","guid":{"rendered":"https:\/\/www.naturkultur.no\/de\/?page_id=3832"},"modified":"2016-08-15T10:35:04","modified_gmt":"2016-08-15T08:35:04","slug":"zu-einem-haendler","status":"publish","type":"page","link":"https:\/\/www.naturkultur.no\/de\/zu-einem-haendler\/","title":{"rendered":"Zu einem H\u00e4ndler"},"content":{"rendered":"<p><div class=\"column\">Wenn Sie Fragen haben oder interessieren Sie ein Wiederverk\u00e4ufer zu werden?\u00a0Wir begr\u00fc\u00dfen Sie zu einem informellen Chat \u00fcber das Telefon oder per E-Mail.\u00a0Sie k\u00f6nnen auch das Kontaktformular neben ausf\u00fcllen und wir werden uns so schnell wie m\u00f6glich kontaktieren.<\/p>\n<p><strong>Snorre Jr. Aske<\/strong><br \/>\nHauptgesch\u00e4ftsf\u00fchrer<br \/>\nTelefon: 41 20 80 00<br \/>\nE-mail: <a href=\"mailto:snorre@naturkultur.no\">snorre@naturkultur.no<\/a><\/p>\n<p><\/div><div class=\"column\">\n<div class=\"wpcf7 no-js\" id=\"wpcf7-f3863-o1\" lang=\"de-DE\" dir=\"ltr\" data-wpcf7-id=\"3863\">\n<div class=\"screen-reader-response\"><p role=\"status\" aria-live=\"polite\" aria-atomic=\"true\"><\/p> <ul><\/ul><\/div>\n<form action=\"\/de\/wp-json\/wp\/v2\/pages\/3832#wpcf7-f3863-o1\" method=\"post\" class=\"wpcf7-form init\" aria-label=\"Kontaktformular\" novalidate=\"novalidate\" data-status=\"init\">\n<fieldset class=\"hidden-fields-container\"><input type=\"hidden\" name=\"_wpcf7\" value=\"3863\" \/><input type=\"hidden\" name=\"_wpcf7_version\" value=\"6.1.5\" \/><input type=\"hidden\" name=\"_wpcf7_locale\" value=\"de_DE\" \/><input type=\"hidden\" name=\"_wpcf7_unit_tag\" value=\"wpcf7-f3863-o1\" \/><input type=\"hidden\" name=\"_wpcf7_container_post\" value=\"0\" \/><input type=\"hidden\" name=\"_wpcf7_posted_data_hash\" value=\"\" \/>\n<\/fieldset>\n<p>Ihr Name (Pflichtfeld)\n<\/p>\n<p><span class=\"wpcf7-form-control-wrap\" data-name=\"name\"><input size=\"40\" maxlength=\"400\" class=\"wpcf7-form-control wpcf7-text wpcf7-validates-as-required\" aria-required=\"true\" aria-invalid=\"false\" value=\"\" type=\"text\" name=\"name\" \/><\/span>\n<\/p>\n<p>Gesch\u00e4ft (Pflichtfeld)\n<\/p>\n<p><span class=\"wpcf7-form-control-wrap\" data-name=\"bedrift\"><input size=\"40\" maxlength=\"400\" class=\"wpcf7-form-control wpcf7-text\" aria-invalid=\"false\" value=\"\" type=\"text\" name=\"bedrift\" \/><\/span>\n<\/p>\n<p>Ihre E-Mail-Adresse (Pflichtfeld)\n<\/p>\n<p><span class=\"wpcf7-form-control-wrap\" data-name=\"email\"><input size=\"40\" maxlength=\"400\" class=\"wpcf7-form-control wpcf7-email wpcf7-validates-as-required wpcf7-text wpcf7-validates-as-email\" aria-required=\"true\" aria-invalid=\"false\" value=\"\" type=\"email\" name=\"email\" \/><\/span>\n<\/p>\n<p>Telefon\n<\/p>\n<p><span class=\"wpcf7-form-control-wrap\" data-name=\"phone\"><input size=\"40\" maxlength=\"400\" class=\"wpcf7-form-control wpcf7-text\" aria-invalid=\"false\" value=\"\" type=\"text\" name=\"phone\" \/><\/span>\n<\/p>\n<p><input class=\"wpcf7-form-control wpcf7-submit has-spinner\" type=\"submit\" value=\"Senden\" \/>\n<\/p><div class=\"wpcf7-response-output\" aria-hidden=\"true\"><\/div>\n<\/form>\n<\/div>\n<\/div><\/p>\n","protected":false},"excerpt":{"rendered":"","protected":false},"author":1,"featured_media":0,"parent":0,"menu_order":0,"comment_status":"open","ping_status":"open","template":"","meta":{"footnotes":""},"class_list":["post-3832","page","type-page","status-publish","hentry"],"yoast_head":"<!-- This site is optimized with the Yoast SEO plugin v27.5 - https:\/\/yoast.com\/product\/yoast-seo-wordpress\/ -->\n<title>Zu einem H\u00e4ndler - Natur og Kulturforlaget<\/title>\n<meta name=\"robots\" content=\"index, follow, max-snippet:-1, max-image-preview:large, max-video-preview:-1\" \/>\n<link rel=\"canonical\" href=\"https:\/\/www.naturkultur.no\/de\/zu-einem-haendler\/\" \/>\n<meta property=\"og:locale\" content=\"de_DE\" \/>\n<meta property=\"og:type\" content=\"article\" \/>\n<meta property=\"og:title\" content=\"Zu einem H\u00e4ndler - Natur og Kulturforlaget\" \/>\n<meta property=\"og:url\" content=\"https:\/\/www.naturkultur.no\/de\/zu-einem-haendler\/\" \/>\n<meta property=\"og:site_name\" content=\"Natur og Kulturforlaget\" \/>\n<meta property=\"article:modified_time\" content=\"2016-08-15T08:35:04+00:00\" \/>\n<meta name=\"twitter:card\" content=\"summary_large_image\" \/>\n<script type=\"application\/ld+json\" class=\"yoast-schema-graph\">{\"@context\":\"https:\\\/\\\/schema.org\",\"@graph\":[{\"@type\":\"WebPage\",\"@id\":\"https:\\\/\\\/www.naturkultur.no\\\/de\\\/zu-einem-haendler\\\/\",\"url\":\"https:\\\/\\\/www.naturkultur.no\\\/de\\\/zu-einem-haendler\\\/\",\"name\":\"Zu einem H\u00e4ndler - Natur og Kulturforlaget\",\"isPartOf\":{\"@id\":\"https:\\\/\\\/www.naturkultur.no\\\/de\\\/#website\"},\"datePublished\":\"2015-12-23T12:55:03+00:00\",\"dateModified\":\"2016-08-15T08:35:04+00:00\",\"breadcrumb\":{\"@id\":\"https:\\\/\\\/www.naturkultur.no\\\/de\\\/zu-einem-haendler\\\/#breadcrumb\"},\"inLanguage\":\"de\",\"potentialAction\":[{\"@type\":\"ReadAction\",\"target\":[\"https:\\\/\\\/www.naturkultur.no\\\/de\\\/zu-einem-haendler\\\/\"]}]},{\"@type\":\"BreadcrumbList\",\"@id\":\"https:\\\/\\\/www.naturkultur.no\\\/de\\\/zu-einem-haendler\\\/#breadcrumb\",\"itemListElement\":[{\"@type\":\"ListItem\",\"position\":1,\"name\":\"Hjem\",\"item\":\"https:\\\/\\\/www.naturkultur.no\\\/de\\\/\"},{\"@type\":\"ListItem\",\"position\":2,\"name\":\"Zu einem H\u00e4ndler\"}]},{\"@type\":\"WebSite\",\"@id\":\"https:\\\/\\\/www.naturkultur.no\\\/de\\\/#website\",\"url\":\"https:\\\/\\\/www.naturkultur.no\\\/de\\\/\",\"name\":\"Natur og Kulturforlaget\",\"description\":\"B\u00f8ker, plakater og postkort av vakre Norge\",\"publisher\":{\"@id\":\"https:\\\/\\\/www.naturkultur.no\\\/de\\\/#organization\"},\"potentialAction\":[{\"@type\":\"SearchAction\",\"target\":{\"@type\":\"EntryPoint\",\"urlTemplate\":\"https:\\\/\\\/www.naturkultur.no\\\/de\\\/?s={search_term_string}\"},\"query-input\":{\"@type\":\"PropertyValueSpecification\",\"valueRequired\":true,\"valueName\":\"search_term_string\"}}],\"inLanguage\":\"de\"},{\"@type\":\"Organization\",\"@id\":\"https:\\\/\\\/www.naturkultur.no\\\/de\\\/#organization\",\"name\":\"Natur og Kulturforlaget AS\",\"url\":\"https:\\\/\\\/www.naturkultur.no\\\/de\\\/\",\"logo\":{\"@type\":\"ImageObject\",\"inLanguage\":\"de\",\"@id\":\"https:\\\/\\\/www.naturkultur.no\\\/de\\\/#\\\/schema\\\/logo\\\/image\\\/\",\"url\":\"https:\\\/\\\/www.naturkultur.no\\\/wp-content\\\/uploads\\\/2015\\\/12\\\/2015_Nylogo_web.png\",\"contentUrl\":\"https:\\\/\\\/www.naturkultur.no\\\/wp-content\\\/uploads\\\/2015\\\/12\\\/2015_Nylogo_web.png\",\"width\":350,\"height\":58,\"caption\":\"Natur og Kulturforlaget AS\"},\"image\":{\"@id\":\"https:\\\/\\\/www.naturkultur.no\\\/de\\\/#\\\/schema\\\/logo\\\/image\\\/\"}}]}<\/script>\n<!-- \/ Yoast SEO plugin. -->","yoast_head_json":{"title":"Zu einem H\u00e4ndler - Natur og Kulturforlaget","robots":{"index":"index","follow":"follow","max-snippet":"max-snippet:-1","max-image-preview":"max-image-preview:large","max-video-preview":"max-video-preview:-1"},"canonical":"https:\/\/www.naturkultur.no\/de\/zu-einem-haendler\/","og_locale":"de_DE","og_type":"article","og_title":"Zu einem H\u00e4ndler - Natur og Kulturforlaget","og_url":"https:\/\/www.naturkultur.no\/de\/zu-einem-haendler\/","og_site_name":"Natur og Kulturforlaget","article_modified_time":"2016-08-15T08:35:04+00:00","twitter_card":"summary_large_image","schema":{"@context":"https:\/\/schema.org","@graph":[{"@type":"WebPage","@id":"https:\/\/www.naturkultur.no\/de\/zu-einem-haendler\/","url":"https:\/\/www.naturkultur.no\/de\/zu-einem-haendler\/","name":"Zu einem H\u00e4ndler - Natur og Kulturforlaget","isPartOf":{"@id":"https:\/\/www.naturkultur.no\/de\/#website"},"datePublished":"2015-12-23T12:55:03+00:00","dateModified":"2016-08-15T08:35:04+00:00","breadcrumb":{"@id":"https:\/\/www.naturkultur.no\/de\/zu-einem-haendler\/#breadcrumb"},"inLanguage":"de","potentialAction":[{"@type":"ReadAction","target":["https:\/\/www.naturkultur.no\/de\/zu-einem-haendler\/"]}]},{"@type":"BreadcrumbList","@id":"https:\/\/www.naturkultur.no\/de\/zu-einem-haendler\/#breadcrumb","itemListElement":[{"@type":"ListItem","position":1,"name":"Hjem","item":"https:\/\/www.naturkultur.no\/de\/"},{"@type":"ListItem","position":2,"name":"Zu einem H\u00e4ndler"}]},{"@type":"WebSite","@id":"https:\/\/www.naturkultur.no\/de\/#website","url":"https:\/\/www.naturkultur.no\/de\/","name":"Natur og Kulturforlaget","description":"B\u00f8ker, plakater og postkort av vakre Norge","publisher":{"@id":"https:\/\/www.naturkultur.no\/de\/#organization"},"potentialAction":[{"@type":"SearchAction","target":{"@type":"EntryPoint","urlTemplate":"https:\/\/www.naturkultur.no\/de\/?s={search_term_string}"},"query-input":{"@type":"PropertyValueSpecification","valueRequired":true,"valueName":"search_term_string"}}],"inLanguage":"de"},{"@type":"Organization","@id":"https:\/\/www.naturkultur.no\/de\/#organization","name":"Natur og Kulturforlaget AS","url":"https:\/\/www.naturkultur.no\/de\/","logo":{"@type":"ImageObject","inLanguage":"de","@id":"https:\/\/www.naturkultur.no\/de\/#\/schema\/logo\/image\/","url":"https:\/\/www.naturkultur.no\/wp-content\/uploads\/2015\/12\/2015_Nylogo_web.png","contentUrl":"https:\/\/www.naturkultur.no\/wp-content\/uploads\/2015\/12\/2015_Nylogo_web.png","width":350,"height":58,"caption":"Natur og Kulturforlaget AS"},"image":{"@id":"https:\/\/www.naturkultur.no\/de\/#\/schema\/logo\/image\/"}}]}},"_links":{"self":[{"href":"https:\/\/www.naturkultur.no\/de\/wp-json\/wp\/v2\/pages\/3832","targetHints":{"allow":["GET"]}}],"collection":[{"href":"https:\/\/www.naturkultur.no\/de\/wp-json\/wp\/v2\/pages"}],"about":[{"href":"https:\/\/www.naturkultur.no\/de\/wp-json\/wp\/v2\/types\/page"}],"author":[{"embeddable":true,"href":"https:\/\/www.naturkultur.no\/de\/wp-json\/wp\/v2\/users\/1"}],"replies":[{"embeddable":true,"href":"https:\/\/www.naturkultur.no\/de\/wp-json\/wp\/v2\/comments?post=3832"}],"version-history":[{"count":7,"href":"https:\/\/www.naturkultur.no\/de\/wp-json\/wp\/v2\/pages\/3832\/revisions"}],"predecessor-version":[{"id":4263,"href":"https:\/\/www.naturkultur.no\/de\/wp-json\/wp\/v2\/pages\/3832\/revisions\/4263"}],"wp:attachment":[{"href":"https:\/\/www.naturkultur.no\/de\/wp-json\/wp\/v2\/media?parent=3832"}],"curies":[{"name":"wp","href":"https:\/\/api.w.org\/{rel}","templated":true}]}}