{"id":4167,"date":"2016-07-13T13:53:36","date_gmt":"2016-07-13T11:53:36","guid":{"rendered":"https:\/\/www.naturkultur.no\/de\/produkt\/kk03-kong-harald-v\/"},"modified":"2017-03-02T12:21:53","modified_gmt":"2017-03-02T11:21:53","slug":"kk03-kong-harald-v","status":"publish","type":"product","link":"https:\/\/www.naturkultur.no\/de\/produkt\/kk03-kong-harald-v\/","title":{"rendered":"KK03 &#8211; S.M. K\u00f6nig Harald V"},"content":{"rendered":"<p>18 x 13 cm, bestr\u00f8ket 280 g Invercote.<\/p>\n<p>Als dreij\u00e4hriger Erbprinz wurde K\u00f6nig Harald im Sommer 1940 zu einer wichtigen Figur in einem politischen Spiel. Eine Gruppe mit Norwegern bem\u00fchte sich bei Adolf Hitler, Prinz Harald als von Reichsdeutschland gelenkten K\u00f6nig mit Kronprinzessin M\u00e4rtha als Vormund zu akzeptieren. Sie aber fl\u00fcchtete zusammen mit den Kindern in die USA, wo sie bis zur Befreiung als G\u00e4ste des amerikanischen Pr\u00e4sidenten Roosevelt wohnten.<\/p>\n<p><strong>\u00abDIE BEFFREIUNGSK\u00d6NIGE\u00bb<\/strong><\/p>\n<p>Eine einzigartige historische Miniserie mit Kunstkarten von Snorre.<\/p>\n<p>Im Zusammenhang mit dem 70. Jahrestag der Befreiung vom Naziregime erhielt der Kunstmaler Ross Kolby den Auftrag, ein Portr\u00e4t der drei Generationen mit norwegischen Monarchen zu schaffen, die w\u00e4hrend des 2. Weltkriegs eine Rolle spielten.<\/p>\n<p>Kolby nannte die Portr\u00e4ts \u00abDie Befreiungsk\u00f6nige\u00bb und schuf tiefe psychologische Studien, in denen die drei Majest\u00e4ten erstmals nebeneinander, in ihrem Wirken als K\u00f6nige und im gleichen Alter dargestellt werden.<\/p>\n<p>Kaum jemand wei\u00df, dass der derzeitige K\u00f6nig Harald als dreij\u00e4hriger Erbprinz im Sommer 1940 die Hauptperson in einem gro\u00dfpolitischen Spiel war. Eine Gruppe von Norwegern bem\u00fchte sich, Adolf Hitler dazu zu bringen, Prinz Harald als K\u00f6nig eines besetzten Norwegens und mit Kronprinzessin M\u00e4rtha als Vormund zu akzeptieren. Sie aber folgte einer Einladung des amerikanischen Pr\u00e4sidenten und brachte die Kinder mit der Flucht in die USA in Sicherheit. Dort wurde der kleine Prinz Harald ein Symbol f\u00fcr die Zukunft des norwegischen K\u00f6nigsgeschlechts, w\u00e4hrend \u00fcberall in der Welt der Kampf f\u00fcr die Freiheit weiterging.<\/p>\n<p>Kolbys Portr\u00e4t von SM K\u00f6nig Harald ist das erste, das er seit 15 Jahren gemalt hat. Die drei Bilder k\u00f6nnen im Norwegischen Heimatfrontmuseum in der Festung Akershus in Oslo bewundert werden.<\/p>\n<p><span style=\"line-height: 1.5;\">Den zehn Minuten langen Dokumentarfilm \u00abDie Befreiungsk\u00f6nige\u00bb, die die Gem\u00e4lde in einen historischen Zusammenhang setzen, sehen Sie unter dem Link:<\/span><\/p>\n<p><iframe loading=\"lazy\" src=\"https:\/\/player.vimeo.com\/video\/123327420\" width=\"640\" height=\"360\" frameborder=\"0\" allowfullscreen=\"allowfullscreen\"><\/iframe><\/p>\n<p><a href=\"https:\/\/vimeo.com\/123327420\">Frigj\u00f8ringskongene<\/a> from <a href=\"https:\/\/vimeo.com\/haciendafilm\">HACIENDA FILM\u00a0NORWAY<\/a> on <a href=\"https:\/\/vimeo.com\">Vimeo<\/a>.<\/p>\n<p>Snorre freut sich, jetzt eine Miniserie mit Postkarten zu einem Thema anbieten zu k\u00f6nnen, das immer mehr Besucher des Landes und auch Norweger neugierig macht. Das Interesse f\u00fcr den 2. Weltkrieg und das norwegische K\u00f6nigshaus hat stark zugenommen. Der erfolgreiche Films\u00a0\u00abMax Manus\u00bb, die Fernsehserie\u00a0\u00abDer Kampf um das schwere Wasser\u00bb und der Film \u00abDas Nein des K\u00f6nigs\u00bb, der im Herbst in die Kinos kommt, sprechen ein immer weiter wachsendes Publikum f\u00fcr die Kriegsgeschichte und den Einsatz des norwegischen K\u00f6nigshauses an. Sie werden hiermit eingeladen, zur Vermittlung dieser wichtigen Epoche in der norwegischen Geschichte beizutragen.<\/p>\n<p><span style=\"line-height: 1.5;\">Den Trailer des Films sehen Sie hier:<\/span><\/p>\n<p><iframe loading=\"lazy\" src=\"https:\/\/www.youtube.com\/embed\/LQibePYzRgc\" width=\"560\" height=\"315\" frameborder=\"0\" allowfullscreen=\"allowfullscreen\"><\/iframe><\/p>\n<p>Im Herbst 2016 wird die Premiere des norwegischen Gro\u00dffilms \u00abDas Nein des K\u00f6nigs\u00bb\u00a0vorbereitet und stattfinden \u2013 der perfekte Hintergrund, um diese Postkarten einem interessierten Publikum anzubieten.<\/p>\n<p>Wir sind sehr stolz auf die Zusammenarbeit mit dem Hilfsfonds des norwegischen Kronprinzenpaares, der zur Produktion dieser Postkarten beigetragen hat. Ein Teil der Erl\u00f6se flie\u00dft in die Arbeit des Fonds f\u00fcr und mit Jugendlichen in Norwegen.<\/p>\n<p>Verkaufsstellen verpflichten sich, alle sieben Karten anzubieten, die zusammen mit einem kostenlosen St\u00e4nder aus Aluminium (72 x 51cm) geliefert werden.<\/p>\n","protected":false},"excerpt":{"rendered":"<p>Portr\u00e4t von H. M. K\u00f6nig Harald V. von Ross Kolby.<\/p>\n","protected":false},"featured_media":4137,"template":"","meta":[],"product_brand":[],"product_cat":[98],"product_tag":[],"class_list":{"0":"post-4167","1":"product","2":"type-product","3":"status-publish","4":"has-post-thumbnail","6":"product_cat-befreiung-koenige","8":"first","9":"instock","10":"shipping-taxable","11":"purchasable","12":"product-type-simple"},"yoast_head":"<!-- This site is optimized with the Yoast SEO plugin v27.5 - https:\/\/yoast.com\/product\/yoast-seo-wordpress\/ -->\n<title>KK03 - S.M. K\u00f6nig Harald V - Natur og Kulturforlaget<\/title>\n<meta name=\"robots\" content=\"index, follow, max-snippet:-1, max-image-preview:large, max-video-preview:-1\" \/>\n<link rel=\"canonical\" href=\"https:\/\/www.naturkultur.no\/de\/produkt\/kk03-kong-harald-v\/\" \/>\n<meta property=\"og:locale\" content=\"de_DE\" \/>\n<meta property=\"og:type\" content=\"article\" \/>\n<meta property=\"og:title\" content=\"KK03 - S.M. K\u00f6nig Harald V - Natur og Kulturforlaget\" \/>\n<meta property=\"og:description\" content=\"Portr\u00e4t von H. M. K\u00f6nig Harald V. von Ross Kolby.\" \/>\n<meta property=\"og:url\" content=\"https:\/\/www.naturkultur.no\/de\/produkt\/kk03-kong-harald-v\/\" \/>\n<meta property=\"og:site_name\" content=\"Natur og Kulturforlaget\" \/>\n<meta property=\"article:modified_time\" content=\"2017-03-02T11:21:53+00:00\" \/>\n<meta property=\"og:image\" content=\"https:\/\/www.naturkultur.no\/wp-content\/uploads\/2016\/07\/KK03.jpg\" \/>\n\t<meta property=\"og:image:width\" content=\"657\" \/>\n\t<meta property=\"og:image:height\" content=\"910\" \/>\n\t<meta property=\"og:image:type\" content=\"image\/jpeg\" \/>\n<meta name=\"twitter:card\" content=\"summary_large_image\" \/>\n<meta name=\"twitter:label1\" content=\"Gesch\u00e4tzte Lesezeit\" \/>\n\t<meta name=\"twitter:data1\" content=\"3\u00a0Minuten\" \/>\n<script type=\"application\/ld+json\" class=\"yoast-schema-graph\">{\"@context\":\"https:\\\/\\\/schema.org\",\"@graph\":[{\"@type\":\"WebPage\",\"@id\":\"https:\\\/\\\/www.naturkultur.no\\\/de\\\/produkt\\\/kk03-kong-harald-v\\\/\",\"url\":\"https:\\\/\\\/www.naturkultur.no\\\/de\\\/produkt\\\/kk03-kong-harald-v\\\/\",\"name\":\"KK03 - S.M. K\u00f6nig Harald V - Natur og Kulturforlaget\",\"isPartOf\":{\"@id\":\"https:\\\/\\\/www.naturkultur.no\\\/de\\\/#website\"},\"primaryImageOfPage\":{\"@id\":\"https:\\\/\\\/www.naturkultur.no\\\/de\\\/produkt\\\/kk03-kong-harald-v\\\/#primaryimage\"},\"image\":{\"@id\":\"https:\\\/\\\/www.naturkultur.no\\\/de\\\/produkt\\\/kk03-kong-harald-v\\\/#primaryimage\"},\"thumbnailUrl\":\"https:\\\/\\\/www.naturkultur.no\\\/wp-content\\\/uploads\\\/2016\\\/07\\\/KK03.jpg\",\"datePublished\":\"2016-07-13T11:53:36+00:00\",\"dateModified\":\"2017-03-02T11:21:53+00:00\",\"breadcrumb\":{\"@id\":\"https:\\\/\\\/www.naturkultur.no\\\/de\\\/produkt\\\/kk03-kong-harald-v\\\/#breadcrumb\"},\"inLanguage\":\"de\",\"potentialAction\":[{\"@type\":\"ReadAction\",\"target\":[\"https:\\\/\\\/www.naturkultur.no\\\/de\\\/produkt\\\/kk03-kong-harald-v\\\/\"]}]},{\"@type\":\"ImageObject\",\"inLanguage\":\"de\",\"@id\":\"https:\\\/\\\/www.naturkultur.no\\\/de\\\/produkt\\\/kk03-kong-harald-v\\\/#primaryimage\",\"url\":\"https:\\\/\\\/www.naturkultur.no\\\/wp-content\\\/uploads\\\/2016\\\/07\\\/KK03.jpg\",\"contentUrl\":\"https:\\\/\\\/www.naturkultur.no\\\/wp-content\\\/uploads\\\/2016\\\/07\\\/KK03.jpg\",\"width\":657,\"height\":910},{\"@type\":\"BreadcrumbList\",\"@id\":\"https:\\\/\\\/www.naturkultur.no\\\/de\\\/produkt\\\/kk03-kong-harald-v\\\/#breadcrumb\",\"itemListElement\":[{\"@type\":\"ListItem\",\"position\":1,\"name\":\"Hjem\",\"item\":\"https:\\\/\\\/www.naturkultur.no\\\/de\\\/\"},{\"@type\":\"ListItem\",\"position\":2,\"name\":\"Shop\",\"item\":\"https:\\\/\\\/www.naturkultur.no\\\/de\\\/shop\\\/\"},{\"@type\":\"ListItem\",\"position\":3,\"name\":\"Postkarten\",\"item\":\"https:\\\/\\\/www.naturkultur.no\\\/de\\\/produkt-kategorie\\\/postkarten\\\/\"},{\"@type\":\"ListItem\",\"position\":4,\"name\":\"Befreiung K\u00f6nige\",\"item\":\"https:\\\/\\\/www.naturkultur.no\\\/de\\\/produkt-kategorie\\\/postkarten\\\/befreiung-koenige\\\/\"},{\"@type\":\"ListItem\",\"position\":5,\"name\":\"KK03 &#8211; S.M. K\u00f6nig Harald V\"}]},{\"@type\":\"WebSite\",\"@id\":\"https:\\\/\\\/www.naturkultur.no\\\/de\\\/#website\",\"url\":\"https:\\\/\\\/www.naturkultur.no\\\/de\\\/\",\"name\":\"Natur og Kulturforlaget\",\"description\":\"B\u00f8ker, plakater og postkort av vakre Norge\",\"publisher\":{\"@id\":\"https:\\\/\\\/www.naturkultur.no\\\/de\\\/#organization\"},\"potentialAction\":[{\"@type\":\"SearchAction\",\"target\":{\"@type\":\"EntryPoint\",\"urlTemplate\":\"https:\\\/\\\/www.naturkultur.no\\\/de\\\/?s={search_term_string}\"},\"query-input\":{\"@type\":\"PropertyValueSpecification\",\"valueRequired\":true,\"valueName\":\"search_term_string\"}}],\"inLanguage\":\"de\"},{\"@type\":\"Organization\",\"@id\":\"https:\\\/\\\/www.naturkultur.no\\\/de\\\/#organization\",\"name\":\"Natur og Kulturforlaget AS\",\"url\":\"https:\\\/\\\/www.naturkultur.no\\\/de\\\/\",\"logo\":{\"@type\":\"ImageObject\",\"inLanguage\":\"de\",\"@id\":\"https:\\\/\\\/www.naturkultur.no\\\/de\\\/#\\\/schema\\\/logo\\\/image\\\/\",\"url\":\"https:\\\/\\\/www.naturkultur.no\\\/wp-content\\\/uploads\\\/2015\\\/12\\\/2015_Nylogo_web.png\",\"contentUrl\":\"https:\\\/\\\/www.naturkultur.no\\\/wp-content\\\/uploads\\\/2015\\\/12\\\/2015_Nylogo_web.png\",\"width\":350,\"height\":58,\"caption\":\"Natur og Kulturforlaget AS\"},\"image\":{\"@id\":\"https:\\\/\\\/www.naturkultur.no\\\/de\\\/#\\\/schema\\\/logo\\\/image\\\/\"}}]}<\/script>\n<!-- \/ Yoast SEO plugin. -->","yoast_head_json":{"title":"KK03 - S.M. K\u00f6nig Harald V - Natur og Kulturforlaget","robots":{"index":"index","follow":"follow","max-snippet":"max-snippet:-1","max-image-preview":"max-image-preview:large","max-video-preview":"max-video-preview:-1"},"canonical":"https:\/\/www.naturkultur.no\/de\/produkt\/kk03-kong-harald-v\/","og_locale":"de_DE","og_type":"article","og_title":"KK03 - S.M. K\u00f6nig Harald V - Natur og Kulturforlaget","og_description":"Portr\u00e4t von H. M. K\u00f6nig Harald V. von Ross Kolby.","og_url":"https:\/\/www.naturkultur.no\/de\/produkt\/kk03-kong-harald-v\/","og_site_name":"Natur og Kulturforlaget","article_modified_time":"2017-03-02T11:21:53+00:00","og_image":[{"width":657,"height":910,"url":"https:\/\/www.naturkultur.no\/wp-content\/uploads\/2016\/07\/KK03.jpg","type":"image\/jpeg"}],"twitter_card":"summary_large_image","twitter_misc":{"Gesch\u00e4tzte Lesezeit":"3\u00a0Minuten"},"schema":{"@context":"https:\/\/schema.org","@graph":[{"@type":"WebPage","@id":"https:\/\/www.naturkultur.no\/de\/produkt\/kk03-kong-harald-v\/","url":"https:\/\/www.naturkultur.no\/de\/produkt\/kk03-kong-harald-v\/","name":"KK03 - S.M. K\u00f6nig Harald V - Natur og Kulturforlaget","isPartOf":{"@id":"https:\/\/www.naturkultur.no\/de\/#website"},"primaryImageOfPage":{"@id":"https:\/\/www.naturkultur.no\/de\/produkt\/kk03-kong-harald-v\/#primaryimage"},"image":{"@id":"https:\/\/www.naturkultur.no\/de\/produkt\/kk03-kong-harald-v\/#primaryimage"},"thumbnailUrl":"https:\/\/www.naturkultur.no\/wp-content\/uploads\/2016\/07\/KK03.jpg","datePublished":"2016-07-13T11:53:36+00:00","dateModified":"2017-03-02T11:21:53+00:00","breadcrumb":{"@id":"https:\/\/www.naturkultur.no\/de\/produkt\/kk03-kong-harald-v\/#breadcrumb"},"inLanguage":"de","potentialAction":[{"@type":"ReadAction","target":["https:\/\/www.naturkultur.no\/de\/produkt\/kk03-kong-harald-v\/"]}]},{"@type":"ImageObject","inLanguage":"de","@id":"https:\/\/www.naturkultur.no\/de\/produkt\/kk03-kong-harald-v\/#primaryimage","url":"https:\/\/www.naturkultur.no\/wp-content\/uploads\/2016\/07\/KK03.jpg","contentUrl":"https:\/\/www.naturkultur.no\/wp-content\/uploads\/2016\/07\/KK03.jpg","width":657,"height":910},{"@type":"BreadcrumbList","@id":"https:\/\/www.naturkultur.no\/de\/produkt\/kk03-kong-harald-v\/#breadcrumb","itemListElement":[{"@type":"ListItem","position":1,"name":"Hjem","item":"https:\/\/www.naturkultur.no\/de\/"},{"@type":"ListItem","position":2,"name":"Shop","item":"https:\/\/www.naturkultur.no\/de\/shop\/"},{"@type":"ListItem","position":3,"name":"Postkarten","item":"https:\/\/www.naturkultur.no\/de\/produkt-kategorie\/postkarten\/"},{"@type":"ListItem","position":4,"name":"Befreiung K\u00f6nige","item":"https:\/\/www.naturkultur.no\/de\/produkt-kategorie\/postkarten\/befreiung-koenige\/"},{"@type":"ListItem","position":5,"name":"KK03 &#8211; S.M. K\u00f6nig Harald V"}]},{"@type":"WebSite","@id":"https:\/\/www.naturkultur.no\/de\/#website","url":"https:\/\/www.naturkultur.no\/de\/","name":"Natur og Kulturforlaget","description":"B\u00f8ker, plakater og postkort av vakre Norge","publisher":{"@id":"https:\/\/www.naturkultur.no\/de\/#organization"},"potentialAction":[{"@type":"SearchAction","target":{"@type":"EntryPoint","urlTemplate":"https:\/\/www.naturkultur.no\/de\/?s={search_term_string}"},"query-input":{"@type":"PropertyValueSpecification","valueRequired":true,"valueName":"search_term_string"}}],"inLanguage":"de"},{"@type":"Organization","@id":"https:\/\/www.naturkultur.no\/de\/#organization","name":"Natur og Kulturforlaget AS","url":"https:\/\/www.naturkultur.no\/de\/","logo":{"@type":"ImageObject","inLanguage":"de","@id":"https:\/\/www.naturkultur.no\/de\/#\/schema\/logo\/image\/","url":"https:\/\/www.naturkultur.no\/wp-content\/uploads\/2015\/12\/2015_Nylogo_web.png","contentUrl":"https:\/\/www.naturkultur.no\/wp-content\/uploads\/2015\/12\/2015_Nylogo_web.png","width":350,"height":58,"caption":"Natur og Kulturforlaget AS"},"image":{"@id":"https:\/\/www.naturkultur.no\/de\/#\/schema\/logo\/image\/"}}]}},"_links":{"self":[{"href":"https:\/\/www.naturkultur.no\/de\/wp-json\/wp\/v2\/product\/4167","targetHints":{"allow":["GET"]}}],"collection":[{"href":"https:\/\/www.naturkultur.no\/de\/wp-json\/wp\/v2\/product"}],"about":[{"href":"https:\/\/www.naturkultur.no\/de\/wp-json\/wp\/v2\/types\/product"}],"wp:featuredmedia":[{"embeddable":true,"href":"https:\/\/www.naturkultur.no\/de\/wp-json\/wp\/v2\/media\/4137"}],"wp:attachment":[{"href":"https:\/\/www.naturkultur.no\/de\/wp-json\/wp\/v2\/media?parent=4167"}],"wp:term":[{"taxonomy":"product_brand","embeddable":true,"href":"https:\/\/www.naturkultur.no\/de\/wp-json\/wp\/v2\/product_brand?post=4167"},{"taxonomy":"product_cat","embeddable":true,"href":"https:\/\/www.naturkultur.no\/de\/wp-json\/wp\/v2\/product_cat?post=4167"},{"taxonomy":"product_tag","embeddable":true,"href":"https:\/\/www.naturkultur.no\/de\/wp-json\/wp\/v2\/product_tag?post=4167"}],"curies":[{"name":"wp","href":"https:\/\/api.w.org\/{rel}","templated":true}]}}