{"id":5782,"date":"2026-02-07T13:54:04","date_gmt":"2026-02-07T12:54:04","guid":{"rendered":"https:\/\/www.naturkultur.no\/produkt\/sd810-panoramakort\/"},"modified":"2026-02-07T13:54:17","modified_gmt":"2026-02-07T12:54:17","slug":"sd810-panoramakort","status":"publish","type":"product","link":"https:\/\/www.naturkultur.no\/de\/produkt\/sd810-panoramakort\/","title":{"rendered":"SD810 &#8211; panoramakort"},"content":{"rendered":"<p>Loen og Olden i Nordfjord er blant det \ufb01neste landskapet Norge har \u00e5 by p\u00e5. Lodalen til venstre, Oldedalen i sentrum og Innvikfjorden mot Nordfjord og ut mot kystlinjen til h\u00f8yre.<br \/>\nLoen and Olden in Nordfjord are some of the \ufb01nest scenery Norway has to offer. Lodalen on the left, Oldedalen in the center and Innvikfjorden towards Nordfjord and further towards the coastline on the right.<\/p>\n<p>Normalt buntet i 25 eller 50 stk pr. pakke<\/p>\n","protected":false},"excerpt":{"rendered":"<p>Loen og Olden i Nordfjord er blant det \ufb01neste landskapet Norge har \u00e5 by p\u00e5. Lodalen til venstre, Oldedalen i sentrum og Innvikfjorden mot Nordfjord og ut mot kystlinjen til h\u00f8yre. Loen and Olden in Nordfjord are some of the \ufb01nest scenery Norway has to offer. Lodalen on the left, Oldedalen in the center and [&hellip;]<\/p>\n","protected":false},"featured_media":5414,"template":"","meta":[],"product_brand":[],"product_cat":[66],"product_tag":[],"class_list":{"0":"post-5782","1":"product","2":"type-product","3":"status-publish","4":"has-post-thumbnail","6":"product_cat-bucher","8":"first","9":"instock","10":"shipping-taxable","11":"purchasable","12":"product-type-simple"},"yoast_head":"<!-- This site is optimized with the Yoast SEO plugin v27.5 - https:\/\/yoast.com\/product\/yoast-seo-wordpress\/ -->\n<title>SD810 - panoramakort - Natur og Kulturforlaget<\/title>\n<meta name=\"robots\" content=\"index, follow, max-snippet:-1, max-image-preview:large, max-video-preview:-1\" \/>\n<link rel=\"canonical\" href=\"https:\/\/www.naturkultur.no\/de\/produkt\/sd810-panoramakort\/\" \/>\n<meta property=\"og:locale\" content=\"de_DE\" \/>\n<meta property=\"og:type\" content=\"article\" \/>\n<meta property=\"og:title\" content=\"SD810 - panoramakort - Natur og Kulturforlaget\" \/>\n<meta property=\"og:description\" content=\"Loen og Olden i Nordfjord er blant det \ufb01neste landskapet Norge har \u00e5 by p\u00e5. Lodalen til venstre, Oldedalen i sentrum og Innvikfjorden mot Nordfjord og ut mot kystlinjen til h\u00f8yre. Loen and Olden in Nordfjord are some of the \ufb01nest scenery Norway has to offer. Lodalen on the left, Oldedalen in the center and [&hellip;]\" \/>\n<meta property=\"og:url\" content=\"https:\/\/www.naturkultur.no\/de\/produkt\/sd810-panoramakort\/\" \/>\n<meta property=\"og:site_name\" content=\"Natur og Kulturforlaget\" \/>\n<meta property=\"article:modified_time\" content=\"2026-02-07T12:54:17+00:00\" \/>\n<meta property=\"og:image\" content=\"https:\/\/www.naturkultur.no\/wp-content\/uploads\/2025\/11\/SD810-1.jpg\" \/>\n\t<meta property=\"og:image:width\" content=\"900\" \/>\n\t<meta property=\"og:image:height\" content=\"509\" \/>\n\t<meta property=\"og:image:type\" content=\"image\/jpeg\" \/>\n<meta name=\"twitter:card\" content=\"summary_large_image\" \/>\n<script type=\"application\/ld+json\" class=\"yoast-schema-graph\">{\"@context\":\"https:\\\/\\\/schema.org\",\"@graph\":[{\"@type\":\"WebPage\",\"@id\":\"https:\\\/\\\/www.naturkultur.no\\\/de\\\/produkt\\\/sd810-panoramakort\\\/\",\"url\":\"https:\\\/\\\/www.naturkultur.no\\\/de\\\/produkt\\\/sd810-panoramakort\\\/\",\"name\":\"SD810 - panoramakort - Natur og Kulturforlaget\",\"isPartOf\":{\"@id\":\"https:\\\/\\\/www.naturkultur.no\\\/de\\\/#website\"},\"primaryImageOfPage\":{\"@id\":\"https:\\\/\\\/www.naturkultur.no\\\/de\\\/produkt\\\/sd810-panoramakort\\\/#primaryimage\"},\"image\":{\"@id\":\"https:\\\/\\\/www.naturkultur.no\\\/de\\\/produkt\\\/sd810-panoramakort\\\/#primaryimage\"},\"thumbnailUrl\":\"https:\\\/\\\/www.naturkultur.no\\\/wp-content\\\/uploads\\\/2025\\\/11\\\/SD810-1.jpg\",\"datePublished\":\"2026-02-07T12:54:04+00:00\",\"dateModified\":\"2026-02-07T12:54:17+00:00\",\"breadcrumb\":{\"@id\":\"https:\\\/\\\/www.naturkultur.no\\\/de\\\/produkt\\\/sd810-panoramakort\\\/#breadcrumb\"},\"inLanguage\":\"de\",\"potentialAction\":[{\"@type\":\"ReadAction\",\"target\":[\"https:\\\/\\\/www.naturkultur.no\\\/de\\\/produkt\\\/sd810-panoramakort\\\/\"]}]},{\"@type\":\"ImageObject\",\"inLanguage\":\"de\",\"@id\":\"https:\\\/\\\/www.naturkultur.no\\\/de\\\/produkt\\\/sd810-panoramakort\\\/#primaryimage\",\"url\":\"https:\\\/\\\/www.naturkultur.no\\\/wp-content\\\/uploads\\\/2025\\\/11\\\/SD810-1.jpg\",\"contentUrl\":\"https:\\\/\\\/www.naturkultur.no\\\/wp-content\\\/uploads\\\/2025\\\/11\\\/SD810-1.jpg\",\"width\":900,\"height\":509},{\"@type\":\"BreadcrumbList\",\"@id\":\"https:\\\/\\\/www.naturkultur.no\\\/de\\\/produkt\\\/sd810-panoramakort\\\/#breadcrumb\",\"itemListElement\":[{\"@type\":\"ListItem\",\"position\":1,\"name\":\"Hjem\",\"item\":\"https:\\\/\\\/www.naturkultur.no\\\/de\\\/\"},{\"@type\":\"ListItem\",\"position\":2,\"name\":\"Shop\",\"item\":\"https:\\\/\\\/www.naturkultur.no\\\/de\\\/shop\\\/\"},{\"@type\":\"ListItem\",\"position\":3,\"name\":\"bucher\",\"item\":\"https:\\\/\\\/www.naturkultur.no\\\/de\\\/produkt-kategorie\\\/bucher\\\/\"},{\"@type\":\"ListItem\",\"position\":4,\"name\":\"SD810 &#8211; panoramakort\"}]},{\"@type\":\"WebSite\",\"@id\":\"https:\\\/\\\/www.naturkultur.no\\\/de\\\/#website\",\"url\":\"https:\\\/\\\/www.naturkultur.no\\\/de\\\/\",\"name\":\"Natur og Kulturforlaget\",\"description\":\"B\u00f8ker, plakater og postkort av vakre Norge\",\"publisher\":{\"@id\":\"https:\\\/\\\/www.naturkultur.no\\\/de\\\/#organization\"},\"potentialAction\":[{\"@type\":\"SearchAction\",\"target\":{\"@type\":\"EntryPoint\",\"urlTemplate\":\"https:\\\/\\\/www.naturkultur.no\\\/de\\\/?s={search_term_string}\"},\"query-input\":{\"@type\":\"PropertyValueSpecification\",\"valueRequired\":true,\"valueName\":\"search_term_string\"}}],\"inLanguage\":\"de\"},{\"@type\":\"Organization\",\"@id\":\"https:\\\/\\\/www.naturkultur.no\\\/de\\\/#organization\",\"name\":\"Natur og Kulturforlaget AS\",\"url\":\"https:\\\/\\\/www.naturkultur.no\\\/de\\\/\",\"logo\":{\"@type\":\"ImageObject\",\"inLanguage\":\"de\",\"@id\":\"https:\\\/\\\/www.naturkultur.no\\\/de\\\/#\\\/schema\\\/logo\\\/image\\\/\",\"url\":\"https:\\\/\\\/www.naturkultur.no\\\/wp-content\\\/uploads\\\/2015\\\/12\\\/2015_Nylogo_web.png\",\"contentUrl\":\"https:\\\/\\\/www.naturkultur.no\\\/wp-content\\\/uploads\\\/2015\\\/12\\\/2015_Nylogo_web.png\",\"width\":350,\"height\":58,\"caption\":\"Natur og Kulturforlaget AS\"},\"image\":{\"@id\":\"https:\\\/\\\/www.naturkultur.no\\\/de\\\/#\\\/schema\\\/logo\\\/image\\\/\"}}]}<\/script>\n<!-- \/ Yoast SEO plugin. -->","yoast_head_json":{"title":"SD810 - panoramakort - Natur og Kulturforlaget","robots":{"index":"index","follow":"follow","max-snippet":"max-snippet:-1","max-image-preview":"max-image-preview:large","max-video-preview":"max-video-preview:-1"},"canonical":"https:\/\/www.naturkultur.no\/de\/produkt\/sd810-panoramakort\/","og_locale":"de_DE","og_type":"article","og_title":"SD810 - panoramakort - Natur og Kulturforlaget","og_description":"Loen og Olden i Nordfjord er blant det \ufb01neste landskapet Norge har \u00e5 by p\u00e5. Lodalen til venstre, Oldedalen i sentrum og Innvikfjorden mot Nordfjord og ut mot kystlinjen til h\u00f8yre. Loen and Olden in Nordfjord are some of the \ufb01nest scenery Norway has to offer. Lodalen on the left, Oldedalen in the center and [&hellip;]","og_url":"https:\/\/www.naturkultur.no\/de\/produkt\/sd810-panoramakort\/","og_site_name":"Natur og Kulturforlaget","article_modified_time":"2026-02-07T12:54:17+00:00","og_image":[{"width":900,"height":509,"url":"https:\/\/www.naturkultur.no\/wp-content\/uploads\/2025\/11\/SD810-1.jpg","type":"image\/jpeg"}],"twitter_card":"summary_large_image","schema":{"@context":"https:\/\/schema.org","@graph":[{"@type":"WebPage","@id":"https:\/\/www.naturkultur.no\/de\/produkt\/sd810-panoramakort\/","url":"https:\/\/www.naturkultur.no\/de\/produkt\/sd810-panoramakort\/","name":"SD810 - panoramakort - Natur og Kulturforlaget","isPartOf":{"@id":"https:\/\/www.naturkultur.no\/de\/#website"},"primaryImageOfPage":{"@id":"https:\/\/www.naturkultur.no\/de\/produkt\/sd810-panoramakort\/#primaryimage"},"image":{"@id":"https:\/\/www.naturkultur.no\/de\/produkt\/sd810-panoramakort\/#primaryimage"},"thumbnailUrl":"https:\/\/www.naturkultur.no\/wp-content\/uploads\/2025\/11\/SD810-1.jpg","datePublished":"2026-02-07T12:54:04+00:00","dateModified":"2026-02-07T12:54:17+00:00","breadcrumb":{"@id":"https:\/\/www.naturkultur.no\/de\/produkt\/sd810-panoramakort\/#breadcrumb"},"inLanguage":"de","potentialAction":[{"@type":"ReadAction","target":["https:\/\/www.naturkultur.no\/de\/produkt\/sd810-panoramakort\/"]}]},{"@type":"ImageObject","inLanguage":"de","@id":"https:\/\/www.naturkultur.no\/de\/produkt\/sd810-panoramakort\/#primaryimage","url":"https:\/\/www.naturkultur.no\/wp-content\/uploads\/2025\/11\/SD810-1.jpg","contentUrl":"https:\/\/www.naturkultur.no\/wp-content\/uploads\/2025\/11\/SD810-1.jpg","width":900,"height":509},{"@type":"BreadcrumbList","@id":"https:\/\/www.naturkultur.no\/de\/produkt\/sd810-panoramakort\/#breadcrumb","itemListElement":[{"@type":"ListItem","position":1,"name":"Hjem","item":"https:\/\/www.naturkultur.no\/de\/"},{"@type":"ListItem","position":2,"name":"Shop","item":"https:\/\/www.naturkultur.no\/de\/shop\/"},{"@type":"ListItem","position":3,"name":"bucher","item":"https:\/\/www.naturkultur.no\/de\/produkt-kategorie\/bucher\/"},{"@type":"ListItem","position":4,"name":"SD810 &#8211; panoramakort"}]},{"@type":"WebSite","@id":"https:\/\/www.naturkultur.no\/de\/#website","url":"https:\/\/www.naturkultur.no\/de\/","name":"Natur og Kulturforlaget","description":"B\u00f8ker, plakater og postkort av vakre Norge","publisher":{"@id":"https:\/\/www.naturkultur.no\/de\/#organization"},"potentialAction":[{"@type":"SearchAction","target":{"@type":"EntryPoint","urlTemplate":"https:\/\/www.naturkultur.no\/de\/?s={search_term_string}"},"query-input":{"@type":"PropertyValueSpecification","valueRequired":true,"valueName":"search_term_string"}}],"inLanguage":"de"},{"@type":"Organization","@id":"https:\/\/www.naturkultur.no\/de\/#organization","name":"Natur og Kulturforlaget AS","url":"https:\/\/www.naturkultur.no\/de\/","logo":{"@type":"ImageObject","inLanguage":"de","@id":"https:\/\/www.naturkultur.no\/de\/#\/schema\/logo\/image\/","url":"https:\/\/www.naturkultur.no\/wp-content\/uploads\/2015\/12\/2015_Nylogo_web.png","contentUrl":"https:\/\/www.naturkultur.no\/wp-content\/uploads\/2015\/12\/2015_Nylogo_web.png","width":350,"height":58,"caption":"Natur og Kulturforlaget AS"},"image":{"@id":"https:\/\/www.naturkultur.no\/de\/#\/schema\/logo\/image\/"}}]}},"_links":{"self":[{"href":"https:\/\/www.naturkultur.no\/de\/wp-json\/wp\/v2\/product\/5782","targetHints":{"allow":["GET"]}}],"collection":[{"href":"https:\/\/www.naturkultur.no\/de\/wp-json\/wp\/v2\/product"}],"about":[{"href":"https:\/\/www.naturkultur.no\/de\/wp-json\/wp\/v2\/types\/product"}],"wp:featuredmedia":[{"embeddable":true,"href":"https:\/\/www.naturkultur.no\/de\/wp-json\/wp\/v2\/media\/5414"}],"wp:attachment":[{"href":"https:\/\/www.naturkultur.no\/de\/wp-json\/wp\/v2\/media?parent=5782"}],"wp:term":[{"taxonomy":"product_brand","embeddable":true,"href":"https:\/\/www.naturkultur.no\/de\/wp-json\/wp\/v2\/product_brand?post=5782"},{"taxonomy":"product_cat","embeddable":true,"href":"https:\/\/www.naturkultur.no\/de\/wp-json\/wp\/v2\/product_cat?post=5782"},{"taxonomy":"product_tag","embeddable":true,"href":"https:\/\/www.naturkultur.no\/de\/wp-json\/wp\/v2\/product_tag?post=5782"}],"curies":[{"name":"wp","href":"https:\/\/api.w.org\/{rel}","templated":true}]}}