{"id":4521,"date":"2018-06-01T13:28:37","date_gmt":"2018-06-01T11:28:37","guid":{"rendered":"https:\/\/www.naturkultur.no\/?page_id=4521"},"modified":"2026-02-09T12:14:51","modified_gmt":"2026-02-09T11:14:51","slug":"privacy-policy","status":"publish","type":"page","link":"https:\/\/www.naturkultur.no\/en\/privacy-policy\/","title":{"rendered":"Privacy policy"},"content":{"rendered":"\n<div class=\"privacy-contact-split\">\n<div style=\"display: inline-block; width: 49%; vertical-align: top;\"><strong>Natur &amp; Kulturforlaget AS<\/strong>\nL\u00f8nnehagen 2, \n4351 Kleppe\nNorway\nOrg.nr. 963 104 219\n<div class=\"col-sm-4\"><\/div>\n<\/div>\n<div style=\"display: inline-block; width: 49%; vertical-align: top;\"><strong>Kontaktinformasjon<\/strong>\nTelefon<b>+<\/b> +47 41 20 8000\n<a href=\"mailto:snorre@naturkultur.no\">snorre@naturkultur.no<\/a><\/div>\n<\/div>\n\n\n\n<hr \/>\r\n\r\n<h2 class=\"wp-block-heading\">Information we collect<\/h2>\n\n\n\n<p>When visiting the website, our network provider will be able to obtain information that is necessary to deliver a stable service.\nRead more about this in the <a href=\"https:\/\/www.hjelseth.com\/personvern\/\">privacy statement of Hjelseth Computers<\/a>.<\/p>\n\n\n\n<hr \/>\r\n\r\n<h2 class=\"wp-block-heading\">Cookies<\/h2>\n\n\n\n<h3 class=\"wp-block-heading\">How we use cookies<\/h3>\n\n\n\n<p>We use cookies to provide you better services. Some cookies are essential for the functionality of the web pages, while others are used to improve performance and user experience.\nFunctional cookies are used to:\n&#8211; Remember your login information\n&#8211; Stay safe when you are logged in\n&#8211; Make sure the web pages look consistent\n\nPerformance cookies are used to:\n&#8211; Improve the performance of the web pages by loading the pages faster\n&#8211; Improve user experience\n\nTargeted cookies are used to:\n&#8211; let you share and like content\n&#8211; Send information to other websites to customize their advertisements<\/p>\n\n\n\n<h3 class=\"wp-block-heading\">Examples of usage<\/h3>\n\n\n\n<p>Cookies are used to provide you with better services, such as:\n&#8211; enable a service that recognizes your device so you do not have to provide the same information multiple times\n&#8211; Remember that you have already entered your username and password when logged in to the pages, so you do not have to redo it for each page.\n&#8211; measure how many persons using the services so we can make them easier and faster\n&#8211; Analyze data to help us understand how to use services online so we can improve them\n\nIf you do not allow us to use cookies, certain features and web pages will not work properly.\nIf you want to delete cookies that are already stored on your computer, follow the instructions for the browser by clicking Help in the menu.\n\nYou can read more about cookies and how to use them at <a href=\"http:\/\/www.aboutcookies.org\/\">www.aboutcookies.org<\/a> or by clicking Help in your browser.\n\n<hr><\/p>\n\n\n\n<h2 class=\"wp-block-heading\">Statistics<\/h2>\n\n\n\n<p>We use Google Analytics to measure the number of visitors, which pages are most popular, how long the visits last and other related information.\nThis information is anonymized as far as possible through Google Analytics&#8217; tools, and it is only used to provide a holistic impression, we do not identify individuals through statistics retrieval.\n\nRead more in the<a href=\"https:\/\/policies.google.com\/privacy\"> privacy statement from Google.<\/a>\n\n<hr><\/p>\n\n\n<h2>Webshop<\/h2>\n<p>We collect information related to the order and save it as long as necessary. You have the option to delete information from your personal account\u00a0 on the online store. To do this, send us a request for deletion of person data. You have the right to require the disclosure and deletion of personal data. You can read more about your requirements and rights on the webside of the\u00a0<a href=\"https:\/\/www.datatilsynet.no\/en\/\" target=\"_blank\" rel=\"noopener\">The Norwegian Data Protection Authority<\/a>.<\/p>\n<p>&nbsp;<\/p>\n<hr \/>\n<p><!-- \/wp:post-content --><\/p>\n<p><!-- wp:heading --><\/p>\n<h2>Third Party Content<\/h2>\n<p><!-- \/wp:heading --><\/p>\n<p><!-- wp:heading --><\/p>\n<h3>Texts<\/h3>\n<p><!-- \/wp:heading --><\/p>\n<p><!-- wp:paragraph --><\/p>\n<p>The website uses text types made available through Google Fonts. When loading such text types, we do not collect information about the visitor to the website.<\/p>\n<p><!-- \/wp:paragraph --><\/p>\n<p><!-- wp:heading --><\/p>\n<h3>Third Party Content<\/h3>\n<p><!-- \/wp:heading --><\/p>\n<p><!-- wp:paragraph --><\/p>\n<p>It happens that we include video clips, photos or content from other third party websites. Such content treats the visitor as if they were on the included content&#8217;s own website and therefore it may occur that cookies or statistics are obtained from these third parties.<\/p>\n<hr \/>\n<p><!-- \/wp:paragraph --><\/p>\n<h2>Contact form<\/h2>\n<p><!-- \/wp:heading --><\/p>\n<p><!-- wp:heading --><\/p>\n<p><!-- \/wp:heading --><\/p>\n<p><!-- wp:paragraph --><\/p>\n<p>P\u00e5 nettsidene v\u00e5re kan du ogs\u00e5 kontakte oss via et kontaktskjema, vi ber da om navnet p\u00e5 en kontaktperson og kontaktinformasjon til denne.<br \/>\nPersonopplysninger vi f\u00e5r inn ved foresp\u00f8rsler blir ikke benyttet til andre form\u00e5l enn \u00e5 kontakte dere.<\/p>","protected":false},"excerpt":{"rendered":"<p>Natur &amp; Kulturforlaget AS L\u00f8nnehagen 2, 4351 Kleppe Norway Org.nr. 963 104 219 Kontaktinformasjon Telefon+ +47 41 20 8000 snorre@naturkultur.no Information we collect When visiting the website, our network provider will be able to obtain information that is necessary to deliver a stable service. Read more about this in the privacy statement of Hjelseth Computers. [&hellip;]<\/p>\n","protected":false},"author":1,"featured_media":0,"parent":0,"menu_order":0,"comment_status":"closed","ping_status":"closed","template":"","meta":{"footnotes":""},"class_list":["post-4521","page","type-page","status-publish","hentry"],"yoast_head":"<!-- This site is optimized with the Yoast SEO plugin v27.5 - https:\/\/yoast.com\/product\/yoast-seo-wordpress\/ -->\n<title>Privacy policy - Natur og Kulturforlaget<\/title>\n<meta name=\"robots\" content=\"index, follow, max-snippet:-1, max-image-preview:large, max-video-preview:-1\" \/>\n<link rel=\"canonical\" href=\"https:\/\/www.naturkultur.no\/en\/privacy-policy\/\" \/>\n<meta property=\"og:locale\" content=\"en_US\" \/>\n<meta property=\"og:type\" content=\"article\" \/>\n<meta property=\"og:title\" content=\"Privacy policy - Natur og Kulturforlaget\" \/>\n<meta property=\"og:description\" content=\"Natur &amp; Kulturforlaget AS L\u00f8nnehagen 2, 4351 Kleppe Norway Org.nr. 963 104 219 Kontaktinformasjon Telefon+ +47 41 20 8000 snorre@naturkultur.no Information we collect When visiting the website, our network provider will be able to obtain information that is necessary to deliver a stable service. Read more about this in the privacy statement of Hjelseth Computers. [&hellip;]\" \/>\n<meta property=\"og:url\" content=\"https:\/\/www.naturkultur.no\/en\/privacy-policy\/\" \/>\n<meta property=\"og:site_name\" content=\"Natur og Kulturforlaget\" \/>\n<meta property=\"article:modified_time\" content=\"2026-02-09T11:14:51+00:00\" \/>\n<meta name=\"twitter:card\" content=\"summary_large_image\" \/>\n<meta name=\"twitter:label1\" content=\"Est. reading time\" \/>\n\t<meta name=\"twitter:data1\" content=\"4 minutes\" \/>\n<script type=\"application\/ld+json\" class=\"yoast-schema-graph\">{\"@context\":\"https:\\\/\\\/schema.org\",\"@graph\":[{\"@type\":\"WebPage\",\"@id\":\"https:\\\/\\\/www.naturkultur.no\\\/en\\\/privacy-policy\\\/\",\"url\":\"https:\\\/\\\/www.naturkultur.no\\\/en\\\/privacy-policy\\\/\",\"name\":\"Privacy policy - Natur og Kulturforlaget\",\"isPartOf\":{\"@id\":\"https:\\\/\\\/www.naturkultur.no\\\/de\\\/#website\"},\"datePublished\":\"2018-06-01T11:28:37+00:00\",\"dateModified\":\"2026-02-09T11:14:51+00:00\",\"breadcrumb\":{\"@id\":\"https:\\\/\\\/www.naturkultur.no\\\/en\\\/privacy-policy\\\/#breadcrumb\"},\"inLanguage\":\"en-US\",\"potentialAction\":[{\"@type\":\"ReadAction\",\"target\":[\"https:\\\/\\\/www.naturkultur.no\\\/en\\\/privacy-policy\\\/\"]}]},{\"@type\":\"BreadcrumbList\",\"@id\":\"https:\\\/\\\/www.naturkultur.no\\\/en\\\/privacy-policy\\\/#breadcrumb\",\"itemListElement\":[{\"@type\":\"ListItem\",\"position\":1,\"name\":\"Hjem\",\"item\":\"https:\\\/\\\/www.naturkultur.no\\\/de\\\/\"},{\"@type\":\"ListItem\",\"position\":2,\"name\":\"Privacy policy\"}]},{\"@type\":\"WebSite\",\"@id\":\"https:\\\/\\\/www.naturkultur.no\\\/de\\\/#website\",\"url\":\"https:\\\/\\\/www.naturkultur.no\\\/de\\\/\",\"name\":\"Natur og Kulturforlaget\",\"description\":\"B\u00f8ker, plakater og postkort av vakre Norge\",\"publisher\":{\"@id\":\"https:\\\/\\\/www.naturkultur.no\\\/de\\\/#organization\"},\"potentialAction\":[{\"@type\":\"SearchAction\",\"target\":{\"@type\":\"EntryPoint\",\"urlTemplate\":\"https:\\\/\\\/www.naturkultur.no\\\/de\\\/?s={search_term_string}\"},\"query-input\":{\"@type\":\"PropertyValueSpecification\",\"valueRequired\":true,\"valueName\":\"search_term_string\"}}],\"inLanguage\":\"en-US\"},{\"@type\":\"Organization\",\"@id\":\"https:\\\/\\\/www.naturkultur.no\\\/de\\\/#organization\",\"name\":\"Natur og Kulturforlaget AS\",\"url\":\"https:\\\/\\\/www.naturkultur.no\\\/de\\\/\",\"logo\":{\"@type\":\"ImageObject\",\"inLanguage\":\"en-US\",\"@id\":\"https:\\\/\\\/www.naturkultur.no\\\/de\\\/#\\\/schema\\\/logo\\\/image\\\/\",\"url\":\"https:\\\/\\\/www.naturkultur.no\\\/wp-content\\\/uploads\\\/2015\\\/12\\\/2015_Nylogo_web.png\",\"contentUrl\":\"https:\\\/\\\/www.naturkultur.no\\\/wp-content\\\/uploads\\\/2015\\\/12\\\/2015_Nylogo_web.png\",\"width\":350,\"height\":58,\"caption\":\"Natur og Kulturforlaget AS\"},\"image\":{\"@id\":\"https:\\\/\\\/www.naturkultur.no\\\/de\\\/#\\\/schema\\\/logo\\\/image\\\/\"}}]}<\/script>\n<!-- \/ Yoast SEO plugin. -->","yoast_head_json":{"title":"Privacy policy - Natur og Kulturforlaget","robots":{"index":"index","follow":"follow","max-snippet":"max-snippet:-1","max-image-preview":"max-image-preview:large","max-video-preview":"max-video-preview:-1"},"canonical":"https:\/\/www.naturkultur.no\/en\/privacy-policy\/","og_locale":"en_US","og_type":"article","og_title":"Privacy policy - Natur og Kulturforlaget","og_description":"Natur &amp; Kulturforlaget AS L\u00f8nnehagen 2, 4351 Kleppe Norway Org.nr. 963 104 219 Kontaktinformasjon Telefon+ +47 41 20 8000 snorre@naturkultur.no Information we collect When visiting the website, our network provider will be able to obtain information that is necessary to deliver a stable service. Read more about this in the privacy statement of Hjelseth Computers. [&hellip;]","og_url":"https:\/\/www.naturkultur.no\/en\/privacy-policy\/","og_site_name":"Natur og Kulturforlaget","article_modified_time":"2026-02-09T11:14:51+00:00","twitter_card":"summary_large_image","twitter_misc":{"Est. reading time":"4 minutes"},"schema":{"@context":"https:\/\/schema.org","@graph":[{"@type":"WebPage","@id":"https:\/\/www.naturkultur.no\/en\/privacy-policy\/","url":"https:\/\/www.naturkultur.no\/en\/privacy-policy\/","name":"Privacy policy - Natur og Kulturforlaget","isPartOf":{"@id":"https:\/\/www.naturkultur.no\/de\/#website"},"datePublished":"2018-06-01T11:28:37+00:00","dateModified":"2026-02-09T11:14:51+00:00","breadcrumb":{"@id":"https:\/\/www.naturkultur.no\/en\/privacy-policy\/#breadcrumb"},"inLanguage":"en-US","potentialAction":[{"@type":"ReadAction","target":["https:\/\/www.naturkultur.no\/en\/privacy-policy\/"]}]},{"@type":"BreadcrumbList","@id":"https:\/\/www.naturkultur.no\/en\/privacy-policy\/#breadcrumb","itemListElement":[{"@type":"ListItem","position":1,"name":"Hjem","item":"https:\/\/www.naturkultur.no\/de\/"},{"@type":"ListItem","position":2,"name":"Privacy policy"}]},{"@type":"WebSite","@id":"https:\/\/www.naturkultur.no\/de\/#website","url":"https:\/\/www.naturkultur.no\/de\/","name":"Natur og Kulturforlaget","description":"B\u00f8ker, plakater og postkort av vakre Norge","publisher":{"@id":"https:\/\/www.naturkultur.no\/de\/#organization"},"potentialAction":[{"@type":"SearchAction","target":{"@type":"EntryPoint","urlTemplate":"https:\/\/www.naturkultur.no\/de\/?s={search_term_string}"},"query-input":{"@type":"PropertyValueSpecification","valueRequired":true,"valueName":"search_term_string"}}],"inLanguage":"en-US"},{"@type":"Organization","@id":"https:\/\/www.naturkultur.no\/de\/#organization","name":"Natur og Kulturforlaget AS","url":"https:\/\/www.naturkultur.no\/de\/","logo":{"@type":"ImageObject","inLanguage":"en-US","@id":"https:\/\/www.naturkultur.no\/de\/#\/schema\/logo\/image\/","url":"https:\/\/www.naturkultur.no\/wp-content\/uploads\/2015\/12\/2015_Nylogo_web.png","contentUrl":"https:\/\/www.naturkultur.no\/wp-content\/uploads\/2015\/12\/2015_Nylogo_web.png","width":350,"height":58,"caption":"Natur og Kulturforlaget AS"},"image":{"@id":"https:\/\/www.naturkultur.no\/de\/#\/schema\/logo\/image\/"}}]}},"_links":{"self":[{"href":"https:\/\/www.naturkultur.no\/en\/wp-json\/wp\/v2\/pages\/4521","targetHints":{"allow":["GET"]}}],"collection":[{"href":"https:\/\/www.naturkultur.no\/en\/wp-json\/wp\/v2\/pages"}],"about":[{"href":"https:\/\/www.naturkultur.no\/en\/wp-json\/wp\/v2\/types\/page"}],"author":[{"embeddable":true,"href":"https:\/\/www.naturkultur.no\/en\/wp-json\/wp\/v2\/users\/1"}],"replies":[{"embeddable":true,"href":"https:\/\/www.naturkultur.no\/en\/wp-json\/wp\/v2\/comments?post=4521"}],"version-history":[{"count":6,"href":"https:\/\/www.naturkultur.no\/en\/wp-json\/wp\/v2\/pages\/4521\/revisions"}],"predecessor-version":[{"id":6101,"href":"https:\/\/www.naturkultur.no\/en\/wp-json\/wp\/v2\/pages\/4521\/revisions\/6101"}],"wp:attachment":[{"href":"https:\/\/www.naturkultur.no\/en\/wp-json\/wp\/v2\/media?parent=4521"}],"curies":[{"name":"wp","href":"https:\/\/api.w.org\/{rel}","templated":true}]}}