{"id":5769,"date":"2026-02-07T13:47:41","date_gmt":"2026-02-07T12:47:41","guid":{"rendered":"https:\/\/www.naturkultur.no\/produkt\/sd805-panoramakort\/"},"modified":"2026-02-07T13:47:51","modified_gmt":"2026-02-07T12:47:51","slug":"sd805-panoramakort","status":"publish","type":"product","link":"https:\/\/www.naturkultur.no\/en\/product\/sd805-panoramakort\/","title":{"rendered":"SD805 &#8211; panoramakort"},"content":{"rendered":"<p>Hj\u00f8rundfjorden mot Sunnm\u00f8rsalpene sett fra Urke. \u00d8ye ved foten av fjellet Slogen og Hurtigruta til venstre. St\u00e5lberghornet i midten. Eventyrbygda Sk\u00e5r til h\u00f8yre.<br \/>\nThe Hj\u00f8rundfjord towards the Sunnm\u00f8re Alps as seen from Urke. \u00d8ye at the foot of the mountain Slogen and Hurtigruta to the left. St\u00e5lberghornet in the middle and the small fairytail hamlet Sk\u00e5r to the right.<\/p>\n<p>Normalt buntet i 25 eller 50 stk pr. pakke<\/p>\n","protected":false},"excerpt":{"rendered":"<p>Hj\u00f8rundfjorden mot Sunnm\u00f8rsalpene sett fra Urke. \u00d8ye ved foten av fjellet Slogen og Hurtigruta til venstre. St\u00e5lberghornet i midten. Eventyrbygda Sk\u00e5r til h\u00f8yre. The Hj\u00f8rundfjord towards the Sunnm\u00f8re Alps as seen from Urke. \u00d8ye at the foot of the mountain Slogen and Hurtigruta to the left. St\u00e5lberghornet in the middle and the small fairytail hamlet [&hellip;]<\/p>\n","protected":false},"featured_media":5401,"template":"","meta":[],"product_brand":[],"product_cat":[32,30,33,34],"product_tag":[],"class_list":{"0":"post-5769","1":"product","2":"type-product","3":"status-publish","4":"has-post-thumbnail","6":"product_cat-midt-norge-en","7":"product_cat-nord-norge-en","8":"product_cat-sor-norge-en","9":"product_cat-vest-norge-en","11":"first","12":"instock","13":"shipping-taxable","14":"purchasable","15":"product-type-simple"},"yoast_head":"<!-- This site is optimized with the Yoast SEO plugin v27.5 - https:\/\/yoast.com\/product\/yoast-seo-wordpress\/ -->\n<title>SD805 - panoramakort - Natur og Kulturforlaget<\/title>\n<meta name=\"robots\" content=\"index, follow, max-snippet:-1, max-image-preview:large, max-video-preview:-1\" \/>\n<link rel=\"canonical\" href=\"https:\/\/www.naturkultur.no\/en\/product\/sd805-panoramakort\/\" \/>\n<meta property=\"og:locale\" content=\"en_US\" \/>\n<meta property=\"og:type\" content=\"article\" \/>\n<meta property=\"og:title\" content=\"SD805 - panoramakort - Natur og Kulturforlaget\" \/>\n<meta property=\"og:description\" content=\"Hj\u00f8rundfjorden mot Sunnm\u00f8rsalpene sett fra Urke. \u00d8ye ved foten av fjellet Slogen og Hurtigruta til venstre. St\u00e5lberghornet i midten. Eventyrbygda Sk\u00e5r til h\u00f8yre. The Hj\u00f8rundfjord towards the Sunnm\u00f8re Alps as seen from Urke. \u00d8ye at the foot of the mountain Slogen and Hurtigruta to the left. St\u00e5lberghornet in the middle and the small fairytail hamlet [&hellip;]\" \/>\n<meta property=\"og:url\" content=\"https:\/\/www.naturkultur.no\/en\/product\/sd805-panoramakort\/\" \/>\n<meta property=\"og:site_name\" content=\"Natur og Kulturforlaget\" \/>\n<meta property=\"article:modified_time\" content=\"2026-02-07T12:47:51+00:00\" \/>\n<meta property=\"og:image\" content=\"https:\/\/www.naturkultur.no\/wp-content\/uploads\/2025\/11\/SD805-1.jpg\" \/>\n\t<meta property=\"og:image:width\" content=\"900\" \/>\n\t<meta property=\"og:image:height\" content=\"509\" \/>\n\t<meta property=\"og:image:type\" content=\"image\/jpeg\" \/>\n<meta name=\"twitter:card\" content=\"summary_large_image\" \/>\n<meta name=\"twitter:label1\" content=\"Est. reading time\" \/>\n\t<meta name=\"twitter:data1\" content=\"1 minute\" \/>\n<script type=\"application\/ld+json\" class=\"yoast-schema-graph\">{\"@context\":\"https:\\\/\\\/schema.org\",\"@graph\":[{\"@type\":\"WebPage\",\"@id\":\"https:\\\/\\\/www.naturkultur.no\\\/en\\\/product\\\/sd805-panoramakort\\\/\",\"url\":\"https:\\\/\\\/www.naturkultur.no\\\/en\\\/product\\\/sd805-panoramakort\\\/\",\"name\":\"SD805 - panoramakort - Natur og Kulturforlaget\",\"isPartOf\":{\"@id\":\"https:\\\/\\\/www.naturkultur.no\\\/de\\\/#website\"},\"primaryImageOfPage\":{\"@id\":\"https:\\\/\\\/www.naturkultur.no\\\/en\\\/product\\\/sd805-panoramakort\\\/#primaryimage\"},\"image\":{\"@id\":\"https:\\\/\\\/www.naturkultur.no\\\/en\\\/product\\\/sd805-panoramakort\\\/#primaryimage\"},\"thumbnailUrl\":\"https:\\\/\\\/www.naturkultur.no\\\/wp-content\\\/uploads\\\/2025\\\/11\\\/SD805-1.jpg\",\"datePublished\":\"2026-02-07T12:47:41+00:00\",\"dateModified\":\"2026-02-07T12:47:51+00:00\",\"breadcrumb\":{\"@id\":\"https:\\\/\\\/www.naturkultur.no\\\/en\\\/product\\\/sd805-panoramakort\\\/#breadcrumb\"},\"inLanguage\":\"en-US\",\"potentialAction\":[{\"@type\":\"ReadAction\",\"target\":[\"https:\\\/\\\/www.naturkultur.no\\\/en\\\/product\\\/sd805-panoramakort\\\/\"]}]},{\"@type\":\"ImageObject\",\"inLanguage\":\"en-US\",\"@id\":\"https:\\\/\\\/www.naturkultur.no\\\/en\\\/product\\\/sd805-panoramakort\\\/#primaryimage\",\"url\":\"https:\\\/\\\/www.naturkultur.no\\\/wp-content\\\/uploads\\\/2025\\\/11\\\/SD805-1.jpg\",\"contentUrl\":\"https:\\\/\\\/www.naturkultur.no\\\/wp-content\\\/uploads\\\/2025\\\/11\\\/SD805-1.jpg\",\"width\":900,\"height\":509},{\"@type\":\"BreadcrumbList\",\"@id\":\"https:\\\/\\\/www.naturkultur.no\\\/en\\\/product\\\/sd805-panoramakort\\\/#breadcrumb\",\"itemListElement\":[{\"@type\":\"ListItem\",\"position\":1,\"name\":\"Hjem\",\"item\":\"https:\\\/\\\/www.naturkultur.no\\\/de\\\/\"},{\"@type\":\"ListItem\",\"position\":2,\"name\":\"Shop\",\"item\":\"https:\\\/\\\/www.naturkultur.no\\\/en\\\/shop\\\/\"},{\"@type\":\"ListItem\",\"position\":3,\"name\":\"Postkort\",\"item\":\"https:\\\/\\\/www.naturkultur.no\\\/produktkategori\\\/postkort\\\/\"},{\"@type\":\"ListItem\",\"position\":4,\"name\":\"Panoramakort\",\"item\":\"https:\\\/\\\/www.naturkultur.no\\\/produktkategori\\\/postkort\\\/panoramakort\\\/\"},{\"@type\":\"ListItem\",\"position\":5,\"name\":\"Midt-Norge\",\"item\":\"https:\\\/\\\/www.naturkultur.no\\\/produktkategori\\\/postkort\\\/panoramakort\\\/midt-norge\\\/\"},{\"@type\":\"ListItem\",\"position\":6,\"name\":\"SD805 &#8211; panoramakort\"}]},{\"@type\":\"WebSite\",\"@id\":\"https:\\\/\\\/www.naturkultur.no\\\/de\\\/#website\",\"url\":\"https:\\\/\\\/www.naturkultur.no\\\/de\\\/\",\"name\":\"Natur og Kulturforlaget\",\"description\":\"B\u00f8ker, plakater og postkort av vakre Norge\",\"publisher\":{\"@id\":\"https:\\\/\\\/www.naturkultur.no\\\/de\\\/#organization\"},\"potentialAction\":[{\"@type\":\"SearchAction\",\"target\":{\"@type\":\"EntryPoint\",\"urlTemplate\":\"https:\\\/\\\/www.naturkultur.no\\\/de\\\/?s={search_term_string}\"},\"query-input\":{\"@type\":\"PropertyValueSpecification\",\"valueRequired\":true,\"valueName\":\"search_term_string\"}}],\"inLanguage\":\"en-US\"},{\"@type\":\"Organization\",\"@id\":\"https:\\\/\\\/www.naturkultur.no\\\/de\\\/#organization\",\"name\":\"Natur og Kulturforlaget AS\",\"url\":\"https:\\\/\\\/www.naturkultur.no\\\/de\\\/\",\"logo\":{\"@type\":\"ImageObject\",\"inLanguage\":\"en-US\",\"@id\":\"https:\\\/\\\/www.naturkultur.no\\\/de\\\/#\\\/schema\\\/logo\\\/image\\\/\",\"url\":\"https:\\\/\\\/www.naturkultur.no\\\/wp-content\\\/uploads\\\/2015\\\/12\\\/2015_Nylogo_web.png\",\"contentUrl\":\"https:\\\/\\\/www.naturkultur.no\\\/wp-content\\\/uploads\\\/2015\\\/12\\\/2015_Nylogo_web.png\",\"width\":350,\"height\":58,\"caption\":\"Natur og Kulturforlaget AS\"},\"image\":{\"@id\":\"https:\\\/\\\/www.naturkultur.no\\\/de\\\/#\\\/schema\\\/logo\\\/image\\\/\"}}]}<\/script>\n<!-- \/ Yoast SEO plugin. -->","yoast_head_json":{"title":"SD805 - panoramakort - Natur og Kulturforlaget","robots":{"index":"index","follow":"follow","max-snippet":"max-snippet:-1","max-image-preview":"max-image-preview:large","max-video-preview":"max-video-preview:-1"},"canonical":"https:\/\/www.naturkultur.no\/en\/product\/sd805-panoramakort\/","og_locale":"en_US","og_type":"article","og_title":"SD805 - panoramakort - Natur og Kulturforlaget","og_description":"Hj\u00f8rundfjorden mot Sunnm\u00f8rsalpene sett fra Urke. \u00d8ye ved foten av fjellet Slogen og Hurtigruta til venstre. St\u00e5lberghornet i midten. Eventyrbygda Sk\u00e5r til h\u00f8yre. The Hj\u00f8rundfjord towards the Sunnm\u00f8re Alps as seen from Urke. \u00d8ye at the foot of the mountain Slogen and Hurtigruta to the left. St\u00e5lberghornet in the middle and the small fairytail hamlet [&hellip;]","og_url":"https:\/\/www.naturkultur.no\/en\/product\/sd805-panoramakort\/","og_site_name":"Natur og Kulturforlaget","article_modified_time":"2026-02-07T12:47:51+00:00","og_image":[{"width":900,"height":509,"url":"https:\/\/www.naturkultur.no\/wp-content\/uploads\/2025\/11\/SD805-1.jpg","type":"image\/jpeg"}],"twitter_card":"summary_large_image","twitter_misc":{"Est. reading time":"1 minute"},"schema":{"@context":"https:\/\/schema.org","@graph":[{"@type":"WebPage","@id":"https:\/\/www.naturkultur.no\/en\/product\/sd805-panoramakort\/","url":"https:\/\/www.naturkultur.no\/en\/product\/sd805-panoramakort\/","name":"SD805 - panoramakort - Natur og Kulturforlaget","isPartOf":{"@id":"https:\/\/www.naturkultur.no\/de\/#website"},"primaryImageOfPage":{"@id":"https:\/\/www.naturkultur.no\/en\/product\/sd805-panoramakort\/#primaryimage"},"image":{"@id":"https:\/\/www.naturkultur.no\/en\/product\/sd805-panoramakort\/#primaryimage"},"thumbnailUrl":"https:\/\/www.naturkultur.no\/wp-content\/uploads\/2025\/11\/SD805-1.jpg","datePublished":"2026-02-07T12:47:41+00:00","dateModified":"2026-02-07T12:47:51+00:00","breadcrumb":{"@id":"https:\/\/www.naturkultur.no\/en\/product\/sd805-panoramakort\/#breadcrumb"},"inLanguage":"en-US","potentialAction":[{"@type":"ReadAction","target":["https:\/\/www.naturkultur.no\/en\/product\/sd805-panoramakort\/"]}]},{"@type":"ImageObject","inLanguage":"en-US","@id":"https:\/\/www.naturkultur.no\/en\/product\/sd805-panoramakort\/#primaryimage","url":"https:\/\/www.naturkultur.no\/wp-content\/uploads\/2025\/11\/SD805-1.jpg","contentUrl":"https:\/\/www.naturkultur.no\/wp-content\/uploads\/2025\/11\/SD805-1.jpg","width":900,"height":509},{"@type":"BreadcrumbList","@id":"https:\/\/www.naturkultur.no\/en\/product\/sd805-panoramakort\/#breadcrumb","itemListElement":[{"@type":"ListItem","position":1,"name":"Hjem","item":"https:\/\/www.naturkultur.no\/de\/"},{"@type":"ListItem","position":2,"name":"Shop","item":"https:\/\/www.naturkultur.no\/en\/shop\/"},{"@type":"ListItem","position":3,"name":"Postkort","item":"https:\/\/www.naturkultur.no\/produktkategori\/postkort\/"},{"@type":"ListItem","position":4,"name":"Panoramakort","item":"https:\/\/www.naturkultur.no\/produktkategori\/postkort\/panoramakort\/"},{"@type":"ListItem","position":5,"name":"Midt-Norge","item":"https:\/\/www.naturkultur.no\/produktkategori\/postkort\/panoramakort\/midt-norge\/"},{"@type":"ListItem","position":6,"name":"SD805 &#8211; panoramakort"}]},{"@type":"WebSite","@id":"https:\/\/www.naturkultur.no\/de\/#website","url":"https:\/\/www.naturkultur.no\/de\/","name":"Natur og Kulturforlaget","description":"B\u00f8ker, plakater og postkort av vakre Norge","publisher":{"@id":"https:\/\/www.naturkultur.no\/de\/#organization"},"potentialAction":[{"@type":"SearchAction","target":{"@type":"EntryPoint","urlTemplate":"https:\/\/www.naturkultur.no\/de\/?s={search_term_string}"},"query-input":{"@type":"PropertyValueSpecification","valueRequired":true,"valueName":"search_term_string"}}],"inLanguage":"en-US"},{"@type":"Organization","@id":"https:\/\/www.naturkultur.no\/de\/#organization","name":"Natur og Kulturforlaget AS","url":"https:\/\/www.naturkultur.no\/de\/","logo":{"@type":"ImageObject","inLanguage":"en-US","@id":"https:\/\/www.naturkultur.no\/de\/#\/schema\/logo\/image\/","url":"https:\/\/www.naturkultur.no\/wp-content\/uploads\/2015\/12\/2015_Nylogo_web.png","contentUrl":"https:\/\/www.naturkultur.no\/wp-content\/uploads\/2015\/12\/2015_Nylogo_web.png","width":350,"height":58,"caption":"Natur og Kulturforlaget AS"},"image":{"@id":"https:\/\/www.naturkultur.no\/de\/#\/schema\/logo\/image\/"}}]}},"_links":{"self":[{"href":"https:\/\/www.naturkultur.no\/en\/wp-json\/wp\/v2\/product\/5769","targetHints":{"allow":["GET"]}}],"collection":[{"href":"https:\/\/www.naturkultur.no\/en\/wp-json\/wp\/v2\/product"}],"about":[{"href":"https:\/\/www.naturkultur.no\/en\/wp-json\/wp\/v2\/types\/product"}],"wp:featuredmedia":[{"embeddable":true,"href":"https:\/\/www.naturkultur.no\/en\/wp-json\/wp\/v2\/media\/5401"}],"wp:attachment":[{"href":"https:\/\/www.naturkultur.no\/en\/wp-json\/wp\/v2\/media?parent=5769"}],"wp:term":[{"taxonomy":"product_brand","embeddable":true,"href":"https:\/\/www.naturkultur.no\/en\/wp-json\/wp\/v2\/product_brand?post=5769"},{"taxonomy":"product_cat","embeddable":true,"href":"https:\/\/www.naturkultur.no\/en\/wp-json\/wp\/v2\/product_cat?post=5769"},{"taxonomy":"product_tag","embeddable":true,"href":"https:\/\/www.naturkultur.no\/en\/wp-json\/wp\/v2\/product_tag?post=5769"}],"curies":[{"name":"wp","href":"https:\/\/api.w.org\/{rel}","templated":true}]}}